{"id":503525,"date":"2025-07-19T10:52:36","date_gmt":"2025-07-19T08:52:36","guid":{"rendered":"https:\/\/lucacastelli.com\/prodotto\/arbres-de-milwaukee-2\/"},"modified":"2025-07-19T10:52:36","modified_gmt":"2025-07-19T08:52:36","slug":"arbres-de-milwaukee-2","status":"publish","type":"product","link":"https:\/\/lucacastelli.com\/fr\/produit\/arbres-de-milwaukee-2\/","title":{"rendered":"Arbres de MILWAUKEE"},"content":{"rendered":"<p>Tige MK 3 \u00e0 avance moyenne pour accueillir des couronnes m\u00e9talliques de 4 \u00e0 85 mm avec tige Weldon de 19 mm ; Cette tige offre \u00e9galement la possibilit\u00e9 d\u2019ajouter directement de la mati\u00e8re de coupe<\/p>\n","protected":false},"excerpt":{"rendered":"<p>Tige MK 3 \u00e0 avance moyenne pour accueillir des couronnes m\u00e9talliques de 4 \u00e0 85 mm avec tige Weldon de<\/p>\n","protected":false},"featured_media":494356,"template":"","meta":{"_seopress_robots_primary_cat":"","_seopress_titles_title":"","_seopress_titles_desc":"","_seopress_robots_index":""},"product_brand":[3407],"product_cat":[29,514,549,550],"product_tag":[3270],"class_list":{"0":"post-503525","1":"product","2":"type-product","3":"status-publish","4":"has-post-thumbnail","6":"product_brand-milwaukee","7":"product_cat-macchinari","8":"product_cat-altri-dispositivi","9":"product_cat-trapani-e-avvitatori","10":"product_cat-accessori-per-trapani-ed-avvitatori","11":"product_tag-import-milwau","12":"sws-gruppo-macchinari-fr","13":"sws-conto-ricavi-merci-rivendita-macchinari-fr","14":"sws-gruppo-iva-iva81-fr","16":"first","17":"onbackorder","18":"sale","19":"shipping-taxable","20":"purchasable","21":"product-type-simple"},"_links":{"self":[{"href":"https:\/\/lucacastelli.com\/fr\/wp-json\/wp\/v2\/product\/503525","targetHints":{"allow":["GET"]}}],"collection":[{"href":"https:\/\/lucacastelli.com\/fr\/wp-json\/wp\/v2\/product"}],"about":[{"href":"https:\/\/lucacastelli.com\/fr\/wp-json\/wp\/v2\/types\/product"}],"wp:featuredmedia":[{"embeddable":true,"href":"https:\/\/lucacastelli.com\/fr\/wp-json\/wp\/v2\/media\/494356"}],"wp:attachment":[{"href":"https:\/\/lucacastelli.com\/fr\/wp-json\/wp\/v2\/media?parent=503525"}],"wp:term":[{"taxonomy":"product_brand","embeddable":true,"href":"https:\/\/lucacastelli.com\/fr\/wp-json\/wp\/v2\/product_brand?post=503525"},{"taxonomy":"product_cat","embeddable":true,"href":"https:\/\/lucacastelli.com\/fr\/wp-json\/wp\/v2\/product_cat?post=503525"},{"taxonomy":"product_tag","embeddable":true,"href":"https:\/\/lucacastelli.com\/fr\/wp-json\/wp\/v2\/product_tag?post=503525"}],"curies":[{"name":"wp","href":"https:\/\/api.w.org\/{rel}","templated":true}]}}