{"id":503492,"date":"2025-07-19T10:52:30","date_gmt":"2025-07-19T08:52:30","guid":{"rendered":"https:\/\/lucacastelli.com\/prodotto\/milwaukee-coupes-droites-et-precises-plans-de-travail-de-cuisine\/"},"modified":"2025-07-19T10:52:30","modified_gmt":"2025-07-19T08:52:30","slug":"milwaukee-coupes-droites-et-precises-plans-de-travail-de-cuisine","status":"publish","type":"product","link":"https:\/\/lucacastelli.com\/fr\/produit\/milwaukee-coupes-droites-et-precises-plans-de-travail-de-cuisine\/","title":{"rendered":"MILWAUKEE Coupes droites et pr\u00e9cises : plans de travail de cuisine"},"content":{"rendered":"<p>Ces lames b\u00e9n\u00e9ficient d\u2019un corps de lame \u00e9pais pour assurer une plus grande rigidit\u00e9 et par cons\u00e9quent une plus grande pr\u00e9cision de coupe comme dans les plans de travail de cuisine<\/p>\n","protected":false},"excerpt":{"rendered":"<p>Ces lames b\u00e9n\u00e9ficient d\u2019un corps de lame \u00e9pais pour assurer une plus grande rigidit\u00e9 et par cons\u00e9quent une plus grande<\/p>\n","protected":false},"featured_media":494396,"template":"","meta":{"_seopress_robots_primary_cat":"","_seopress_titles_title":"","_seopress_titles_desc":"","_seopress_robots_index":""},"product_brand":[3407],"product_cat":[29,514,549,550],"product_tag":[3270],"class_list":{"0":"post-503492","1":"product","2":"type-product","3":"status-publish","4":"has-post-thumbnail","6":"product_brand-milwaukee","7":"product_cat-macchinari","8":"product_cat-altri-dispositivi","9":"product_cat-trapani-e-avvitatori","10":"product_cat-accessori-per-trapani-ed-avvitatori","11":"product_tag-import-milwau","12":"sws-gruppo-macchinari-fr","13":"sws-conto-ricavi-merci-rivendita-macchinari-fr","14":"sws-gruppo-iva-iva81-fr","16":"first","17":"onbackorder","18":"sale","19":"shipping-taxable","20":"purchasable","21":"product-type-simple"},"_links":{"self":[{"href":"https:\/\/lucacastelli.com\/fr\/wp-json\/wp\/v2\/product\/503492","targetHints":{"allow":["GET"]}}],"collection":[{"href":"https:\/\/lucacastelli.com\/fr\/wp-json\/wp\/v2\/product"}],"about":[{"href":"https:\/\/lucacastelli.com\/fr\/wp-json\/wp\/v2\/types\/product"}],"wp:featuredmedia":[{"embeddable":true,"href":"https:\/\/lucacastelli.com\/fr\/wp-json\/wp\/v2\/media\/494396"}],"wp:attachment":[{"href":"https:\/\/lucacastelli.com\/fr\/wp-json\/wp\/v2\/media?parent=503492"}],"wp:term":[{"taxonomy":"product_brand","embeddable":true,"href":"https:\/\/lucacastelli.com\/fr\/wp-json\/wp\/v2\/product_brand?post=503492"},{"taxonomy":"product_cat","embeddable":true,"href":"https:\/\/lucacastelli.com\/fr\/wp-json\/wp\/v2\/product_cat?post=503492"},{"taxonomy":"product_tag","embeddable":true,"href":"https:\/\/lucacastelli.com\/fr\/wp-json\/wp\/v2\/product_tag?post=503492"}],"curies":[{"name":"wp","href":"https:\/\/api.w.org\/{rel}","templated":true}]}}