{"id":503483,"date":"2025-07-19T10:52:03","date_gmt":"2025-07-19T08:52:03","guid":{"rendered":"https:\/\/lucacastelli.com\/prodotto\/milwaukee-disque-en-feutre-caracteristiques-tres-doux-fait-dun-materiau-doux-et-absorbant-velcro-applications-ideal-pour-le-deuxieme-polissage-de-nouvelles-peintures-de-met\/"},"modified":"2025-07-19T10:52:03","modified_gmt":"2025-07-19T08:52:03","slug":"milwaukee-disque-en-feutre-caracteristiques-tres-doux-fait-dun-materiau-doux-et-absorbant-velcro-applications-ideal-pour-le-deuxieme-polissage-de-nouvelles-peintures-de-met","status":"publish","type":"product","link":"https:\/\/lucacastelli.com\/fr\/produit\/milwaukee-disque-en-feutre-caracteristiques-tres-doux-fait-dun-materiau-doux-et-absorbant-velcro-applications-ideal-pour-le-deuxieme-polissage-de-nouvelles-peintures-de-met\/","title":{"rendered":"MILWAUKEE Disque en feutre. Caract\u00e9ristiques&nbsp;: Tr\u00e8s doux, fait d\u2019un mat\u00e9riau doux et absorbant, velcro. Applications&nbsp;: Id\u00e9al pour le deuxi\u00e8me polissage de nouvelles peintures, de m\u00e9taux non ferreux et d\u2019acier inoxydable."},"content":{"rendered":"<p>Disque de polissage en feutre diam\u00e8tre 150 mm<\/p>\n","protected":false},"excerpt":{"rendered":"<p>Disque de polissage en feutre diam\u00e8tre 150 mm<\/p>\n","protected":false},"featured_media":494431,"template":"","meta":{"_seopress_robots_primary_cat":"","_seopress_titles_title":"","_seopress_titles_desc":"","_seopress_robots_index":""},"product_brand":[3658],"product_cat":[1555,1453,167,1552],"product_tag":[3273],"class_list":{"0":"post-503483","1":"product","2":"type-product","3":"status-publish","4":"has-post-thumbnail","6":"product_brand-milwaukee-fr","7":"product_cat-accessoires-pour-perceuses-et-tournevis","8":"product_cat-autres-appareils","9":"product_cat-machines","10":"product_cat-perceuses-et-tournevis","11":"product_tag-import-milwau-fr","12":"sws-gruppo-macchinari-fr","13":"sws-conto-ricavi-merci-rivendita-macchinari-fr","14":"sws-gruppo-iva-iva81-fr","16":"first","17":"onbackorder","18":"sale","19":"shipping-taxable","20":"purchasable","21":"product-type-simple"},"_links":{"self":[{"href":"https:\/\/lucacastelli.com\/fr\/wp-json\/wp\/v2\/product\/503483","targetHints":{"allow":["GET"]}}],"collection":[{"href":"https:\/\/lucacastelli.com\/fr\/wp-json\/wp\/v2\/product"}],"about":[{"href":"https:\/\/lucacastelli.com\/fr\/wp-json\/wp\/v2\/types\/product"}],"wp:featuredmedia":[{"embeddable":true,"href":"https:\/\/lucacastelli.com\/fr\/wp-json\/wp\/v2\/media\/494431"}],"wp:attachment":[{"href":"https:\/\/lucacastelli.com\/fr\/wp-json\/wp\/v2\/media?parent=503483"}],"wp:term":[{"taxonomy":"product_brand","embeddable":true,"href":"https:\/\/lucacastelli.com\/fr\/wp-json\/wp\/v2\/product_brand?post=503483"},{"taxonomy":"product_cat","embeddable":true,"href":"https:\/\/lucacastelli.com\/fr\/wp-json\/wp\/v2\/product_cat?post=503483"},{"taxonomy":"product_tag","embeddable":true,"href":"https:\/\/lucacastelli.com\/fr\/wp-json\/wp\/v2\/product_tag?post=503483"}],"curies":[{"name":"wp","href":"https:\/\/api.w.org\/{rel}","templated":true}]}}