{"id":503476,"date":"2025-07-19T10:51:59","date_gmt":"2025-07-19T08:51:59","guid":{"rendered":"https:\/\/lucacastelli.com\/prodotto\/milwaukee-accessoires-de-nettoyage-speciaux-systeme-velcro\/"},"modified":"2025-07-19T10:51:59","modified_gmt":"2025-07-19T08:51:59","slug":"milwaukee-accessoires-de-nettoyage-speciaux-systeme-velcro","status":"publish","type":"product","link":"https:\/\/lucacastelli.com\/fr\/produit\/milwaukee-accessoires-de-nettoyage-speciaux-systeme-velcro\/","title":{"rendered":"MILWAUKEE Accessoires de nettoyage sp\u00e9ciaux &#8211; Syst\u00e8me Velcro"},"content":{"rendered":"<p>\u00c9ponge de polissage souple de 150 mm de diam\u00e8tre pour polir et repolir les autocollants Velcro sur la peinture ; La plaque abrasive 4932430488 et la plaque de polissage doivent \u00eatre adapt\u00e9es \u00e0 la polisseuse AP 12 E pour \u00eatre utilis\u00e9es<\/p>\n","protected":false},"excerpt":{"rendered":"<p>\u00c9ponge de polissage souple de 150 mm de diam\u00e8tre pour polir et repolir les autocollants Velcro sur la peinture ;<\/p>\n","protected":false},"featured_media":494446,"template":"","meta":{"_seopress_robots_primary_cat":"","_seopress_titles_title":"","_seopress_titles_desc":"","_seopress_robots_index":""},"product_brand":[3407],"product_cat":[29,514,549,550],"product_tag":[3270],"class_list":{"0":"post-503476","1":"product","2":"type-product","3":"status-publish","4":"has-post-thumbnail","6":"product_brand-milwaukee","7":"product_cat-macchinari","8":"product_cat-altri-dispositivi","9":"product_cat-trapani-e-avvitatori","10":"product_cat-accessori-per-trapani-ed-avvitatori","11":"product_tag-import-milwau","12":"sws-gruppo-macchinari-fr","13":"sws-conto-ricavi-merci-rivendita-macchinari-fr","14":"sws-gruppo-iva-iva81-fr","16":"first","17":"onbackorder","18":"sale","19":"shipping-taxable","20":"purchasable","21":"product-type-simple"},"_links":{"self":[{"href":"https:\/\/lucacastelli.com\/fr\/wp-json\/wp\/v2\/product\/503476","targetHints":{"allow":["GET"]}}],"collection":[{"href":"https:\/\/lucacastelli.com\/fr\/wp-json\/wp\/v2\/product"}],"about":[{"href":"https:\/\/lucacastelli.com\/fr\/wp-json\/wp\/v2\/types\/product"}],"wp:featuredmedia":[{"embeddable":true,"href":"https:\/\/lucacastelli.com\/fr\/wp-json\/wp\/v2\/media\/494446"}],"wp:attachment":[{"href":"https:\/\/lucacastelli.com\/fr\/wp-json\/wp\/v2\/media?parent=503476"}],"wp:term":[{"taxonomy":"product_brand","embeddable":true,"href":"https:\/\/lucacastelli.com\/fr\/wp-json\/wp\/v2\/product_brand?post=503476"},{"taxonomy":"product_cat","embeddable":true,"href":"https:\/\/lucacastelli.com\/fr\/wp-json\/wp\/v2\/product_cat?post=503476"},{"taxonomy":"product_tag","embeddable":true,"href":"https:\/\/lucacastelli.com\/fr\/wp-json\/wp\/v2\/product_tag?post=503476"}],"curies":[{"name":"wp","href":"https:\/\/api.w.org\/{rel}","templated":true}]}}