{"id":503348,"date":"2025-06-01T03:58:10","date_gmt":"2025-06-01T01:58:10","guid":{"rendered":"https:\/\/lucacastelli.com\/prodotto\/modele-de-collection-stihl-typ-bl\/"},"modified":"2025-07-23T00:51:23","modified_gmt":"2025-07-22T22:51:23","slug":"modele-de-collection-stihl-typ-bl","status":"publish","type":"product","link":"https:\/\/lucacastelli.com\/fr\/produit\/modele-de-collection-stihl-typ-bl\/","title":{"rendered":"Mod\u00e8le de collection STIHL, Typ BL"},"content":{"rendered":"<p>Mod\u00e8le de collection, version en zinc moul\u00e9 sous pression, peint dans les couleurs d\u2019origine, socle en plastique, capuchon de protection transparent, fabriqu\u00e9 par Schuco, format 1:12.<br \/>\n886661394227<\/p>\n","protected":false},"excerpt":{"rendered":"<p>Mod\u00e8le de collection, Typ BL<\/p>\n","protected":false},"featured_media":428556,"template":"","meta":{"_seopress_robots_primary_cat":"","_seopress_titles_title":"","_seopress_titles_desc":"","_seopress_robots_index":""},"product_brand":[3366],"product_cat":[1103],"product_tag":[3265],"class_list":{"0":"post-503348","1":"product","2":"type-product","3":"status-publish","4":"has-post-thumbnail","6":"product_brand-stihl","7":"product_cat-shops","8":"product_tag-import-stihl","9":"sws-gruppo-abb-libero-fr","10":"sws-conto-ricavi-merci-rivendita-abbigliamento-fr","11":"sws-gruppo-iva-iva81-fr","13":"first","14":"onbackorder","15":"purchasable","16":"product-type-simple"},"_links":{"self":[{"href":"https:\/\/lucacastelli.com\/fr\/wp-json\/wp\/v2\/product\/503348","targetHints":{"allow":["GET"]}}],"collection":[{"href":"https:\/\/lucacastelli.com\/fr\/wp-json\/wp\/v2\/product"}],"about":[{"href":"https:\/\/lucacastelli.com\/fr\/wp-json\/wp\/v2\/types\/product"}],"wp:featuredmedia":[{"embeddable":true,"href":"https:\/\/lucacastelli.com\/fr\/wp-json\/wp\/v2\/media\/428556"}],"wp:attachment":[{"href":"https:\/\/lucacastelli.com\/fr\/wp-json\/wp\/v2\/media?parent=503348"}],"wp:term":[{"taxonomy":"product_brand","embeddable":true,"href":"https:\/\/lucacastelli.com\/fr\/wp-json\/wp\/v2\/product_brand?post=503348"},{"taxonomy":"product_cat","embeddable":true,"href":"https:\/\/lucacastelli.com\/fr\/wp-json\/wp\/v2\/product_cat?post=503348"},{"taxonomy":"product_tag","embeddable":true,"href":"https:\/\/lucacastelli.com\/fr\/wp-json\/wp\/v2\/product_tag?post=503348"}],"curies":[{"name":"wp","href":"https:\/\/api.w.org\/{rel}","templated":true}]}}