{"id":503242,"date":"2025-06-01T03:47:10","date_gmt":"2025-06-01T01:47:10","guid":{"rendered":"https:\/\/lucacastelli.com\/prodotto\/stihl-stihl-montre-bracelet\/"},"modified":"2025-06-01T03:47:10","modified_gmt":"2025-06-01T01:47:10","slug":"stihl-stihl-montre-bracelet","status":"publish","type":"product","link":"https:\/\/lucacastelli.com\/fr\/produit\/stihl-stihl-montre-bracelet\/","title":{"rendered":"STIHL STIHL Montre-bracelet"},"content":{"rendered":"<p>La montre-bracelet STIHL sign\u00e9e Jacques Lemans est un instrument de chronom\u00e9trage traditionnel au<br \/>\ndesign<br \/>\n classique. Le bo\u00eetier solide en acier inoxydable a un diam\u00e8tre de 40 mm, tandis que le cadran noir avec de petits indicateurs et la date \u00e0 trois heures est simple mais clairement visible. Ce mod\u00e8le est dot\u00e9 d\u2019un m\u00e9canisme \u00e0<br \/>\nquartz, d\u2019un fond rond fix\u00e9 par<br \/>\ndes vis, d\u2019un cristal Crystex tremp\u00e9 et d\u2019une \u00e9tanch\u00e9it\u00e9 jusqu\u2019\u00e0 10 ATM.<br \/>\nLe bracelet en maille milanaise solide<br \/>\nen acier inoxydable avec fermoir \u00e0 pression compl\u00e8te parfaitement le beau<br \/>\ndesign. Cette montre est le compagnon id\u00e9al dans la vie de tous les jours<br \/>\n.<br \/>\n886661555437   <\/p>\n<p>Couleur Argent<br \/>\nCouleur suppl\u00e9mentaire Couleur suppl\u00e9mentaire<\/p>\n","protected":false},"excerpt":{"rendered":"<p>Montre-bracelet STIHL<\/p>\n","protected":false},"featured_media":440092,"template":"","meta":{"_seopress_robots_primary_cat":"","_seopress_titles_title":"","_seopress_titles_desc":"","_seopress_robots_index":""},"product_brand":[3366],"product_cat":[1103],"product_tag":[3265],"class_list":{"0":"post-503242","1":"product","2":"type-product","3":"status-publish","4":"has-post-thumbnail","6":"product_brand-stihl","7":"product_cat-shops","8":"product_tag-import-stihl","9":"sws-gruppo-macchinari-fr","10":"sws-conto-ricavi-merci-rivendita-macchinari-fr","11":"sws-gruppo-iva-iva81-fr","13":"first","14":"onbackorder","15":"purchasable","16":"product-type-simple"},"_links":{"self":[{"href":"https:\/\/lucacastelli.com\/fr\/wp-json\/wp\/v2\/product\/503242","targetHints":{"allow":["GET"]}}],"collection":[{"href":"https:\/\/lucacastelli.com\/fr\/wp-json\/wp\/v2\/product"}],"about":[{"href":"https:\/\/lucacastelli.com\/fr\/wp-json\/wp\/v2\/types\/product"}],"wp:featuredmedia":[{"embeddable":true,"href":"https:\/\/lucacastelli.com\/fr\/wp-json\/wp\/v2\/media\/440092"}],"wp:attachment":[{"href":"https:\/\/lucacastelli.com\/fr\/wp-json\/wp\/v2\/media?parent=503242"}],"wp:term":[{"taxonomy":"product_brand","embeddable":true,"href":"https:\/\/lucacastelli.com\/fr\/wp-json\/wp\/v2\/product_brand?post=503242"},{"taxonomy":"product_cat","embeddable":true,"href":"https:\/\/lucacastelli.com\/fr\/wp-json\/wp\/v2\/product_cat?post=503242"},{"taxonomy":"product_tag","embeddable":true,"href":"https:\/\/lucacastelli.com\/fr\/wp-json\/wp\/v2\/product_tag?post=503242"}],"curies":[{"name":"wp","href":"https:\/\/api.w.org\/{rel}","templated":true}]}}