{"id":503237,"date":"2025-06-01T03:47:23","date_gmt":"2025-06-01T01:47:23","guid":{"rendered":"https:\/\/lucacastelli.com\/prodotto\/stihl-chronographe-stihl\/"},"modified":"2025-06-01T03:47:23","modified_gmt":"2025-06-01T01:47:23","slug":"stihl-chronographe-stihl","status":"publish","type":"product","link":"https:\/\/lucacastelli.com\/fr\/produit\/stihl-chronographe-stihl\/","title":{"rendered":"STIHL Chronographe STIHL"},"content":{"rendered":"<p>Le chronographe STIHL de Jacques Lemans a un look<br \/>\n \u00e0 la fois \u00e9l\u00e9gant et sportif. Le cadran noir avec<br \/>\ndes d\u00e9tails orange s\u00e9duit par la combinaison de petits indicateurs<br \/>\net de chiffres arabes et la date ins\u00e9r\u00e9e obliquement entre 4 heures<br \/>\net 5 heures. Les cercles du chronographe avec affichage 24 heures,<br \/>\n indicateur des minutes et des secondes sont un d\u00e9tail qui attire<br \/>\nimm\u00e9diatement l\u2019attention. Le bo\u00eetier solide en acier inoxydable<br \/>\nIP-Black d\u2019un diam\u00e8tre de 44 mm souligne l\u2019apparence saisissante<br \/>\nde cette montre. Le mod\u00e8le est dot\u00e9 d\u2019un m\u00e9canisme \u00e0 quartz, d\u2019un verre<br \/>\n Crystex tremp\u00e9, d\u2019un fond de bo\u00eetier rond fix\u00e9 par des vis<br \/>\net d\u2019une \u00e9tanch\u00e9it\u00e9 jusqu\u2019\u00e0 10 ATM. Le bracelet en silicone noir<br \/>\nde haute qualit\u00e9 avec boucle est une confirmation suppl\u00e9mentaire de la fa\u00e7on dont ce<br \/>\nchronographe est la combinaison parfaite d\u2019\u00e9l\u00e9gance et de sportivit\u00e9.<br \/>\n886661576081     <\/p>\n<p>Noir<\/p>\n","protected":false},"excerpt":{"rendered":"<p>Chronographe STIHL<\/p>\n","protected":false},"featured_media":440105,"template":"","meta":{"_seopress_robots_primary_cat":"","_seopress_titles_title":"","_seopress_titles_desc":"","_seopress_robots_index":""},"product_brand":[3555],"product_cat":[1477],"product_tag":[3267],"class_list":{"0":"post-503237","1":"product","2":"type-product","3":"status-publish","4":"has-post-thumbnail","6":"product_brand-stihl-fr","7":"product_cat-shop-fr","8":"product_tag-import-stihl-fr","9":"sws-gruppo-macchinari-fr","10":"sws-conto-ricavi-merci-rivendita-macchinari-fr","11":"sws-gruppo-iva-iva81-fr","13":"first","14":"onbackorder","15":"purchasable","16":"product-type-simple"},"_links":{"self":[{"href":"https:\/\/lucacastelli.com\/fr\/wp-json\/wp\/v2\/product\/503237","targetHints":{"allow":["GET"]}}],"collection":[{"href":"https:\/\/lucacastelli.com\/fr\/wp-json\/wp\/v2\/product"}],"about":[{"href":"https:\/\/lucacastelli.com\/fr\/wp-json\/wp\/v2\/types\/product"}],"wp:featuredmedia":[{"embeddable":true,"href":"https:\/\/lucacastelli.com\/fr\/wp-json\/wp\/v2\/media\/440105"}],"wp:attachment":[{"href":"https:\/\/lucacastelli.com\/fr\/wp-json\/wp\/v2\/media?parent=503237"}],"wp:term":[{"taxonomy":"product_brand","embeddable":true,"href":"https:\/\/lucacastelli.com\/fr\/wp-json\/wp\/v2\/product_brand?post=503237"},{"taxonomy":"product_cat","embeddable":true,"href":"https:\/\/lucacastelli.com\/fr\/wp-json\/wp\/v2\/product_cat?post=503237"},{"taxonomy":"product_tag","embeddable":true,"href":"https:\/\/lucacastelli.com\/fr\/wp-json\/wp\/v2\/product_tag?post=503237"}],"curies":[{"name":"wp","href":"https:\/\/api.w.org\/{rel}","templated":true}]}}