{"id":503229,"date":"2025-06-01T00:18:30","date_gmt":"2025-05-31T22:18:30","guid":{"rendered":"https:\/\/lucacastelli.com\/prodotto\/stihl-325-rapid-duro-3-rd3-35-cm\/"},"modified":"2025-06-01T00:18:30","modified_gmt":"2025-05-31T22:18:30","slug":"stihl-325-rapid-duro-3-rd3-35-cm","status":"publish","type":"product","link":"https:\/\/lucacastelli.com\/fr\/produit\/stihl-325-rapid-duro-3-rd3-35-cm\/","title":{"rendered":"STIHL 325&#8243;, Rapid Duro 3 (RD3), 35 cm"},"content":{"rendered":"<p>La premi\u00e8re cha\u00eene STIHL .325&#8243; avec lames en carbure. Faible tendance au rebond, faibles vibrations. Sans r\u00e9aff\u00fbtage, elle reste tranchante, jusqu\u2019\u00e0 dix fois plus longtemps que les cha\u00eenes standard. Rapid Duro 3 offre ainsi une performance de coupe \u00e9lev\u00e9e, m\u00eame sous des charges extr\u00eames. Cha\u00eene id\u00e9ale pour le jardinage et l\u2019am\u00e9nagement paysager.<br \/>\n795711824259    <\/p>\n<p>Pas de cha\u00eene 8,25 mm\/.325 &#8221;<br \/>\n\u00c9paisseur du maillon de guidage \u00c9paisseur du maillon de guidage<\/p>\n<p>Longueur de la barre Longueur de la barre<\/p>\n","protected":false},"excerpt":{"rendered":"<p>325&#8243;, Rapid Duro 3 (RD3), 35 cm<\/p>\n","protected":false},"featured_media":453753,"template":"","meta":{"_seopress_robots_primary_cat":"","_seopress_titles_title":"","_seopress_titles_desc":"","_seopress_robots_index":""},"product_brand":[3366],"product_cat":[29,268,504],"product_tag":[3265],"class_list":{"0":"post-503229","1":"product","2":"type-product","3":"status-publish","4":"has-post-thumbnail","6":"product_brand-stihl","7":"product_cat-macchinari","8":"product_cat-motoseghe","9":"product_cat-catene-e-rotoli","10":"product_tag-import-stihl","11":"sws-gruppo-macchinari-fr","12":"sws-conto-ricavi-merci-rivendita-macchinari-fr","13":"sws-gruppo-iva-iva81-fr","15":"first","16":"onbackorder","17":"purchasable","18":"product-type-simple"},"_links":{"self":[{"href":"https:\/\/lucacastelli.com\/fr\/wp-json\/wp\/v2\/product\/503229","targetHints":{"allow":["GET"]}}],"collection":[{"href":"https:\/\/lucacastelli.com\/fr\/wp-json\/wp\/v2\/product"}],"about":[{"href":"https:\/\/lucacastelli.com\/fr\/wp-json\/wp\/v2\/types\/product"}],"wp:featuredmedia":[{"embeddable":true,"href":"https:\/\/lucacastelli.com\/fr\/wp-json\/wp\/v2\/media\/453753"}],"wp:attachment":[{"href":"https:\/\/lucacastelli.com\/fr\/wp-json\/wp\/v2\/media?parent=503229"}],"wp:term":[{"taxonomy":"product_brand","embeddable":true,"href":"https:\/\/lucacastelli.com\/fr\/wp-json\/wp\/v2\/product_brand?post=503229"},{"taxonomy":"product_cat","embeddable":true,"href":"https:\/\/lucacastelli.com\/fr\/wp-json\/wp\/v2\/product_cat?post=503229"},{"taxonomy":"product_tag","embeddable":true,"href":"https:\/\/lucacastelli.com\/fr\/wp-json\/wp\/v2\/product_tag?post=503229"}],"curies":[{"name":"wp","href":"https:\/\/api.w.org\/{rel}","templated":true}]}}