{"id":503220,"date":"2025-06-01T00:17:44","date_gmt":"2025-05-31T22:17:44","guid":{"rendered":"https:\/\/lucacastelli.com\/prodotto\/stihl-3-8-picco-micro-3-pm3-40-cm\/"},"modified":"2026-03-09T00:37:10","modified_gmt":"2026-03-08T23:37:10","slug":"stihl-3-8-picco-micro-3-pm3-40-cm","status":"publish","type":"product","link":"https:\/\/lucacastelli.com\/fr\/produit\/stihl-3-8-picco-micro-3-pm3-40-cm\/","title":{"rendered":"STIHL 3\/8&#8243; Picco Micro 3 (PM3), 40 cm"},"content":{"rendered":"<p>Cha\u00eene \u00e0 hautes performances avec rebond r\u00e9duit, \u00e0 profil bas, adaptable de mani\u00e8re universelle sur les tron\u00e7onneuses l\u00e9g\u00e8res. Id\u00e9ale pour les travaux occasionnels et particuli\u00e8rement recommand\u00e9e pour l\u2019entretien professionnel des arbres.<br \/>\n795711340100 <\/p>\n<p>Pas de cha\u00eene 9,32 mm\/3\/8&#8243;P<br \/>\n\u00c9paisseur des maillons d\u2019entra\u00eenement \u00c9paisseur des maillons d\u2019entra\u00eenement<\/p>\n<p>Longueur de la barre Longueur de la barre<\/p>\n","protected":false},"excerpt":{"rendered":"<p>3\/8&#8243; Picco Micro 3 (PM3), 40 cm<\/p>\n","protected":false},"featured_media":453723,"template":"","meta":{"_seopress_robots_primary_cat":"none","_seopress_titles_title":"","_seopress_titles_desc":"","_seopress_robots_index":""},"product_brand":[3554],"product_cat":[169,1612,1614],"product_tag":[3266],"class_list":{"0":"post-503220","1":"product","2":"type-product","3":"status-publish","4":"has-post-thumbnail","6":"product_brand-stihl-de","7":"product_cat-maschinen","8":"product_cat-kettensagen","9":"product_cat-ketten-und-haspeln","10":"product_tag-import-stihl-de","11":"sws-gruppo-macchinari-fr","12":"sws-conto-ricavi-merci-rivendita-macchinari-fr","13":"sws-gruppo-iva-iva81-fr","15":"first","16":"onbackorder","17":"purchasable","18":"product-type-simple"},"_links":{"self":[{"href":"https:\/\/lucacastelli.com\/fr\/wp-json\/wp\/v2\/product\/503220","targetHints":{"allow":["GET"]}}],"collection":[{"href":"https:\/\/lucacastelli.com\/fr\/wp-json\/wp\/v2\/product"}],"about":[{"href":"https:\/\/lucacastelli.com\/fr\/wp-json\/wp\/v2\/types\/product"}],"wp:featuredmedia":[{"embeddable":true,"href":"https:\/\/lucacastelli.com\/fr\/wp-json\/wp\/v2\/media\/453723"}],"wp:attachment":[{"href":"https:\/\/lucacastelli.com\/fr\/wp-json\/wp\/v2\/media?parent=503220"}],"wp:term":[{"taxonomy":"product_brand","embeddable":true,"href":"https:\/\/lucacastelli.com\/fr\/wp-json\/wp\/v2\/product_brand?post=503220"},{"taxonomy":"product_cat","embeddable":true,"href":"https:\/\/lucacastelli.com\/fr\/wp-json\/wp\/v2\/product_cat?post=503220"},{"taxonomy":"product_tag","embeddable":true,"href":"https:\/\/lucacastelli.com\/fr\/wp-json\/wp\/v2\/product_tag?post=503220"}],"curies":[{"name":"wp","href":"https:\/\/api.w.org\/{rel}","templated":true}]}}