{"id":503214,"date":"2025-06-01T00:17:25","date_gmt":"2025-05-31T22:17:25","guid":{"rendered":"https:\/\/lucacastelli.com\/prodotto\/stihl-3-8-picco-micro-3-pm3-35-cm\/"},"modified":"2025-06-01T00:17:25","modified_gmt":"2025-05-31T22:17:25","slug":"stihl-3-8-picco-micro-3-pm3-35-cm","status":"publish","type":"product","link":"https:\/\/lucacastelli.com\/fr\/produit\/stihl-3-8-picco-micro-3-pm3-35-cm\/","title":{"rendered":"STIHL 3\/8&#8243; Picco Micro 3 (PM3), 35 cm"},"content":{"rendered":"<p>Cha\u00eene haute performance, \u00e0 faible rebond et \u00e0 profil bas, qui s\u2019adapte universellement aux tron\u00e7onneuses l\u00e9g\u00e8res. Id\u00e9al pour les travaux occasionnels et particuli\u00e8rement recommand\u00e9 pour l\u2019entretien professionnel des arbres.<br \/>\n795711408022 <\/p>\n<p>Pas de cha\u00eene 9,32 mm\/3\/8 &#8220;P<br \/>\n\u00c9paisseur du maillon de guidage \u00c9paisseur du maillon de guidage<\/p>\n<p>Longueur de la barre Longueur de la barre<\/p>\n","protected":false},"excerpt":{"rendered":"<p>3\/8&#8243; Micro 3 Peak (PM3), 35 cm<\/p>\n","protected":false},"featured_media":453721,"template":"","meta":{"_seopress_robots_primary_cat":"","_seopress_titles_title":"","_seopress_titles_desc":"","_seopress_robots_index":""},"product_brand":[3366],"product_cat":[29,268,504],"product_tag":[3265],"class_list":{"0":"post-503214","1":"product","2":"type-product","3":"status-publish","4":"has-post-thumbnail","6":"product_brand-stihl","7":"product_cat-macchinari","8":"product_cat-motoseghe","9":"product_cat-catene-e-rotoli","10":"product_tag-import-stihl","11":"sws-gruppo-macchinari-fr","12":"sws-conto-ricavi-merci-rivendita-macchinari-fr","13":"sws-gruppo-iva-iva81-fr","15":"first","16":"onbackorder","17":"purchasable","18":"product-type-simple"},"_links":{"self":[{"href":"https:\/\/lucacastelli.com\/fr\/wp-json\/wp\/v2\/product\/503214","targetHints":{"allow":["GET"]}}],"collection":[{"href":"https:\/\/lucacastelli.com\/fr\/wp-json\/wp\/v2\/product"}],"about":[{"href":"https:\/\/lucacastelli.com\/fr\/wp-json\/wp\/v2\/types\/product"}],"wp:featuredmedia":[{"embeddable":true,"href":"https:\/\/lucacastelli.com\/fr\/wp-json\/wp\/v2\/media\/453721"}],"wp:attachment":[{"href":"https:\/\/lucacastelli.com\/fr\/wp-json\/wp\/v2\/media?parent=503214"}],"wp:term":[{"taxonomy":"product_brand","embeddable":true,"href":"https:\/\/lucacastelli.com\/fr\/wp-json\/wp\/v2\/product_brand?post=503214"},{"taxonomy":"product_cat","embeddable":true,"href":"https:\/\/lucacastelli.com\/fr\/wp-json\/wp\/v2\/product_cat?post=503214"},{"taxonomy":"product_tag","embeddable":true,"href":"https:\/\/lucacastelli.com\/fr\/wp-json\/wp\/v2\/product_tag?post=503214"}],"curies":[{"name":"wp","href":"https:\/\/api.w.org\/{rel}","templated":true}]}}