{"id":503212,"date":"2025-06-01T00:16:49","date_gmt":"2025-05-31T22:16:49","guid":{"rendered":"https:\/\/lucacastelli.com\/prodotto\/stihl-325-rapid-super-rs-45-cm\/"},"modified":"2025-06-01T00:16:49","modified_gmt":"2025-05-31T22:16:49","slug":"stihl-325-rapid-super-rs-45-cm","status":"publish","type":"product","link":"https:\/\/lucacastelli.com\/fr\/produit\/stihl-325-rapid-super-rs-45-cm\/","title":{"rendered":"STIHL .325&#8243; Rapid Super (RS), 45 cm"},"content":{"rendered":"<p>Cha\u00eene haute performance avec de faibles vibrations, une coupe douce et une faible tendance au saut ainsi qu\u2019une capacit\u00e9 de coupe et de gravure extr\u00eamement \u00e9lev\u00e9e.<\/p>\n<p>795711348830 Pas de cha\u00eene 8,25 mm\/.325 &#8221;<br \/>\n\u00c9paisseur du maillon de guidage \u00c9paisseur du lien<\/p>\n<p>de guidage Longueur de la barre Longueur de la barre<\/p>\n","protected":false},"excerpt":{"rendered":"<p>.325&#8243; Rapid Super (RS), 45 cm<\/p>\n","protected":false},"featured_media":453584,"template":"","meta":{"_seopress_robots_primary_cat":"","_seopress_titles_title":"","_seopress_titles_desc":"","_seopress_robots_index":""},"product_brand":[3366],"product_cat":[29,268,504],"product_tag":[3265],"class_list":{"0":"post-503212","1":"product","2":"type-product","3":"status-publish","4":"has-post-thumbnail","6":"product_brand-stihl","7":"product_cat-macchinari","8":"product_cat-motoseghe","9":"product_cat-catene-e-rotoli","10":"product_tag-import-stihl","11":"sws-gruppo-macchinari-fr","12":"sws-conto-ricavi-merci-rivendita-macchinari-fr","13":"sws-gruppo-iva-iva81-fr","15":"first","16":"onbackorder","17":"purchasable","18":"product-type-simple"},"_links":{"self":[{"href":"https:\/\/lucacastelli.com\/fr\/wp-json\/wp\/v2\/product\/503212","targetHints":{"allow":["GET"]}}],"collection":[{"href":"https:\/\/lucacastelli.com\/fr\/wp-json\/wp\/v2\/product"}],"about":[{"href":"https:\/\/lucacastelli.com\/fr\/wp-json\/wp\/v2\/types\/product"}],"wp:featuredmedia":[{"embeddable":true,"href":"https:\/\/lucacastelli.com\/fr\/wp-json\/wp\/v2\/media\/453584"}],"wp:attachment":[{"href":"https:\/\/lucacastelli.com\/fr\/wp-json\/wp\/v2\/media?parent=503212"}],"wp:term":[{"taxonomy":"product_brand","embeddable":true,"href":"https:\/\/lucacastelli.com\/fr\/wp-json\/wp\/v2\/product_brand?post=503212"},{"taxonomy":"product_cat","embeddable":true,"href":"https:\/\/lucacastelli.com\/fr\/wp-json\/wp\/v2\/product_cat?post=503212"},{"taxonomy":"product_tag","embeddable":true,"href":"https:\/\/lucacastelli.com\/fr\/wp-json\/wp\/v2\/product_tag?post=503212"}],"curies":[{"name":"wp","href":"https:\/\/api.w.org\/{rel}","templated":true}]}}