{"id":503176,"date":"2025-06-01T00:15:05","date_gmt":"2025-05-31T22:15:05","guid":{"rendered":"https:\/\/lucacastelli.com\/prodotto\/stihl-3-8-rapid-super-3-rs3-37-cm\/"},"modified":"2025-07-23T00:29:11","modified_gmt":"2025-07-22T22:29:11","slug":"stihl-3-8-rapid-super-3-rs3-37-cm","status":"publish","type":"product","link":"https:\/\/lucacastelli.com\/fr\/produit\/stihl-3-8-rapid-super-3-rs3-37-cm\/","title":{"rendered":"STIHL 3\/8&#8243; Rapid Super 3 (RS3), 37 cm"},"content":{"rendered":"<p>Cha\u00eene haute performance avec maillon de cuspide. Avec une faible tendance au rebond et en m\u00eame temps avec une capacit\u00e9 de coupe et de gravure extr\u00eamement \u00e9lev\u00e9e.<br \/>\n795711297220 <\/p>\n<p>Pas de cha\u00eene 9,32 mm\/3\/8 &#8221;<br \/>\n\u00c9paisseur du maillon de guidage \u00c9paisseur du maillon de guidage<\/p>\n<p>Longueur de la barre Longueur de la barre<\/p>\n","protected":false},"excerpt":{"rendered":"<p>3\/8&#8243; Rapid Super 3 (RS3), 37 cm<\/p>\n","protected":false},"featured_media":453741,"template":"","meta":{"_seopress_robots_primary_cat":"","_seopress_titles_title":"","_seopress_titles_desc":"","_seopress_robots_index":""},"product_brand":[3366],"product_cat":[29],"product_tag":[3265],"class_list":{"0":"post-503176","1":"product","2":"type-product","3":"status-publish","4":"has-post-thumbnail","6":"product_brand-stihl","7":"product_cat-macchinari","8":"product_tag-import-stihl","9":"sws-gruppo-macchinari-fr","10":"sws-conto-ricavi-merci-rivendita-macchinari-fr","11":"sws-gruppo-iva-iva81-fr","13":"first","14":"onbackorder","15":"purchasable","16":"product-type-simple"},"_links":{"self":[{"href":"https:\/\/lucacastelli.com\/fr\/wp-json\/wp\/v2\/product\/503176","targetHints":{"allow":["GET"]}}],"collection":[{"href":"https:\/\/lucacastelli.com\/fr\/wp-json\/wp\/v2\/product"}],"about":[{"href":"https:\/\/lucacastelli.com\/fr\/wp-json\/wp\/v2\/types\/product"}],"wp:featuredmedia":[{"embeddable":true,"href":"https:\/\/lucacastelli.com\/fr\/wp-json\/wp\/v2\/media\/453741"}],"wp:attachment":[{"href":"https:\/\/lucacastelli.com\/fr\/wp-json\/wp\/v2\/media?parent=503176"}],"wp:term":[{"taxonomy":"product_brand","embeddable":true,"href":"https:\/\/lucacastelli.com\/fr\/wp-json\/wp\/v2\/product_brand?post=503176"},{"taxonomy":"product_cat","embeddable":true,"href":"https:\/\/lucacastelli.com\/fr\/wp-json\/wp\/v2\/product_cat?post=503176"},{"taxonomy":"product_tag","embeddable":true,"href":"https:\/\/lucacastelli.com\/fr\/wp-json\/wp\/v2\/product_tag?post=503176"}],"curies":[{"name":"wp","href":"https:\/\/api.w.org\/{rel}","templated":true}]}}