{"id":503154,"date":"2025-06-01T00:13:55","date_gmt":"2025-05-31T22:13:55","guid":{"rendered":"https:\/\/lucacastelli.com\/prodotto\/stihl-3-8-hard-peak-pd3-30-cm\/"},"modified":"2025-07-23T00:28:51","modified_gmt":"2025-07-22T22:28:51","slug":"stihl-3-8-hard-peak-pd3-30-cm","status":"publish","type":"product","link":"https:\/\/lucacastelli.com\/fr\/produit\/stihl-3-8-hard-peak-pd3-30-cm\/","title":{"rendered":"STIHL 3\/8&#8243; Hard Peak (PD3), 30 cm"},"content":{"rendered":"<p>La premi\u00e8re cha\u00eene en carbure \u00e0 profil bas au monde. Sans r\u00e9aff\u00fbtage, elle reste tranchante jusqu\u2019\u00e0 dix fois plus longtemps que les cha\u00eenes standard, ce qui montre une dur\u00e9e de vie plus longue. De plus, le Hard Peak a tr\u00e8s peu tendance \u00e0 vibrer et \u00e0 rebondir.<br \/>\n795711374761  <\/p>\n<p>Pas de cha\u00eene 9,32 mm\/3\/8 &#8220;P<br \/>\n\u00c9paisseur du maillon de guidage \u00c9paisseur du maillon de guidage<\/p>\n<p>Longueur de la barre Longueur de la barre<\/p>\n","protected":false},"excerpt":{"rendered":"<p>Pic dur 3\/8&#8243; (PD3), 30 cm<\/p>\n","protected":false},"featured_media":453717,"template":"","meta":{"_seopress_robots_primary_cat":"","_seopress_titles_title":"","_seopress_titles_desc":"","_seopress_robots_index":""},"product_brand":[3366],"product_cat":[29],"product_tag":[3265],"class_list":{"0":"post-503154","1":"product","2":"type-product","3":"status-publish","4":"has-post-thumbnail","6":"product_brand-stihl","7":"product_cat-macchinari","8":"product_tag-import-stihl","9":"sws-gruppo-macchinari-fr","10":"sws-conto-ricavi-merci-rivendita-macchinari-fr","11":"sws-gruppo-iva-iva81-fr","13":"first","14":"onbackorder","15":"purchasable","16":"product-type-simple"},"_links":{"self":[{"href":"https:\/\/lucacastelli.com\/fr\/wp-json\/wp\/v2\/product\/503154","targetHints":{"allow":["GET"]}}],"collection":[{"href":"https:\/\/lucacastelli.com\/fr\/wp-json\/wp\/v2\/product"}],"about":[{"href":"https:\/\/lucacastelli.com\/fr\/wp-json\/wp\/v2\/types\/product"}],"wp:featuredmedia":[{"embeddable":true,"href":"https:\/\/lucacastelli.com\/fr\/wp-json\/wp\/v2\/media\/453717"}],"wp:attachment":[{"href":"https:\/\/lucacastelli.com\/fr\/wp-json\/wp\/v2\/media?parent=503154"}],"wp:term":[{"taxonomy":"product_brand","embeddable":true,"href":"https:\/\/lucacastelli.com\/fr\/wp-json\/wp\/v2\/product_brand?post=503154"},{"taxonomy":"product_cat","embeddable":true,"href":"https:\/\/lucacastelli.com\/fr\/wp-json\/wp\/v2\/product_cat?post=503154"},{"taxonomy":"product_tag","embeddable":true,"href":"https:\/\/lucacastelli.com\/fr\/wp-json\/wp\/v2\/product_tag?post=503154"}],"curies":[{"name":"wp","href":"https:\/\/api.w.org\/{rel}","templated":true}]}}