{"id":503152,"date":"2025-06-01T00:13:41","date_gmt":"2025-05-31T22:13:41","guid":{"rendered":"https:\/\/lucacastelli.com\/prodotto\/stihl-lumiere-04-325-13-mm-45-cm\/"},"modified":"2025-07-23T00:28:46","modified_gmt":"2025-07-22T22:28:46","slug":"stihl-lumiere-04-325-13-mm-45-cm","status":"publish","type":"product","link":"https:\/\/lucacastelli.com\/fr\/produit\/stihl-lumiere-04-325-13-mm-45-cm\/","title":{"rendered":"STIHL Lumi\u00e8re 04, .325&#8243;, 1,3 mm, 45 cm"},"content":{"rendered":"<p>Light 04 est le premier mod\u00e8le de barre STIHL avec un nouveau nom et un design innovant. La nouvelle Light 04 a une forme particuli\u00e8re : l\u2019\u00e9quilibre am\u00e9lior\u00e9 signifie moins d\u2019efforts dans l\u2019utilisation de la tron\u00e7onneuse, car son profil mince r\u00e9duit le poids de 200 g par rapport aux barres existantes.<br \/>\n886661807529 <\/p>\n<p>Pas de l\u2019\u00e9toile de renvoi 8,25 mm\/.325 &#8221;<br \/>\nLargeur de la rainure Largeur de la rainure<\/p>\n<p>Connexion de la barre de guidage Connexion de la barre de guidage<br \/>\nNombre de roues folles 10<br \/>\nLongueur de la barre 45cm\/18&#8243;<\/p>\n","protected":false},"excerpt":{"rendered":"<p>Lumi\u00e8re 04, .325&#8243;, 1.3mm, 45cm<\/p>\n","protected":false},"featured_media":429708,"template":"","meta":{"_seopress_robots_primary_cat":"","_seopress_titles_title":"","_seopress_titles_desc":"","_seopress_robots_index":""},"product_brand":[3366],"product_cat":[29,268,524],"product_tag":[3265],"class_list":{"0":"post-503152","1":"product","2":"type-product","3":"status-publish","4":"has-post-thumbnail","6":"product_brand-stihl","7":"product_cat-macchinari","8":"product_cat-motoseghe","9":"product_cat-spranghe-guida","10":"product_tag-import-stihl","11":"sws-gruppo-macchinari-fr","12":"sws-conto-ricavi-merci-rivendita-macchinari-fr","13":"sws-gruppo-iva-iva81-fr","15":"first","16":"onbackorder","17":"purchasable","18":"product-type-simple"},"_links":{"self":[{"href":"https:\/\/lucacastelli.com\/fr\/wp-json\/wp\/v2\/product\/503152","targetHints":{"allow":["GET"]}}],"collection":[{"href":"https:\/\/lucacastelli.com\/fr\/wp-json\/wp\/v2\/product"}],"about":[{"href":"https:\/\/lucacastelli.com\/fr\/wp-json\/wp\/v2\/types\/product"}],"wp:featuredmedia":[{"embeddable":true,"href":"https:\/\/lucacastelli.com\/fr\/wp-json\/wp\/v2\/media\/429708"}],"wp:attachment":[{"href":"https:\/\/lucacastelli.com\/fr\/wp-json\/wp\/v2\/media?parent=503152"}],"wp:term":[{"taxonomy":"product_brand","embeddable":true,"href":"https:\/\/lucacastelli.com\/fr\/wp-json\/wp\/v2\/product_brand?post=503152"},{"taxonomy":"product_cat","embeddable":true,"href":"https:\/\/lucacastelli.com\/fr\/wp-json\/wp\/v2\/product_cat?post=503152"},{"taxonomy":"product_tag","embeddable":true,"href":"https:\/\/lucacastelli.com\/fr\/wp-json\/wp\/v2\/product_tag?post=503152"}],"curies":[{"name":"wp","href":"https:\/\/api.w.org\/{rel}","templated":true}]}}