{"id":503134,"date":"2025-06-01T00:12:54","date_gmt":"2025-05-31T22:12:54","guid":{"rendered":"https:\/\/lucacastelli.com\/prodotto\/stihl-3-8-p-super-peak-ps-35-cm\/"},"modified":"2025-07-23T00:28:23","modified_gmt":"2025-07-22T22:28:23","slug":"stihl-3-8-p-super-peak-ps-35-cm","status":"publish","type":"product","link":"https:\/\/lucacastelli.com\/fr\/produit\/stihl-3-8-p-super-peak-ps-35-cm\/","title":{"rendered":"STIHL 3\/8&#8243; P Super Peak (PS), 35 cm"},"content":{"rendered":"<p>Outre la cha\u00eene 3\/8&#8243;, la PS3 est la seule cha\u00eene Picco avec des dents \u00e0 gouge compl\u00e8te sur le march\u00e9. Elle offre actuellement des performances de coupe nettement sup\u00e9rieures \u00e0 celles de toutes les autres cha\u00eenes \u00e0 profil bas avec des maillons de guidage de 1,3 mm. En gravure, vous obtenez encore plus de performances que la cha\u00eene PS3 3\/8&#8243;. Coupe en douceur avec 15 % de vibrations en moins. Excellentes performances m\u00eame au d\u00e9but de la gravure, avec une surface de coupe tr\u00e8s nette. Gr\u00e2ce \u00e0 ses performances de coupe \u00e9lev\u00e9es, cette cha\u00eene est id\u00e9ale pour une utilisation professionnelle dans les travaux forestiers.<br \/>\n795711964542   <\/p>\n<p>Pas de cha\u00eene 9,32 mm\/3\/8 &#8220;P<br \/>\n\u00c9paisseur du maillon de guidage \u00c9paisseur du maillon de guidage<\/p>\n<p>Longueur de la barre Longueur de la barre<\/p>\n","protected":false},"excerpt":{"rendered":"<p>3\/8&#8243; P Super Peak (PS), 35 cm<\/p>\n","protected":false},"featured_media":453709,"template":"","meta":{"_seopress_robots_primary_cat":"","_seopress_titles_title":"","_seopress_titles_desc":"","_seopress_robots_index":""},"product_brand":[3366],"product_cat":[29],"product_tag":[3265],"class_list":{"0":"post-503134","1":"product","2":"type-product","3":"status-publish","4":"has-post-thumbnail","6":"product_brand-stihl","7":"product_cat-macchinari","8":"product_tag-import-stihl","9":"sws-gruppo-macchinari-fr","10":"sws-conto-ricavi-merci-rivendita-macchinari-fr","11":"sws-gruppo-iva-iva81-fr","13":"first","14":"onbackorder","15":"purchasable","16":"product-type-simple"},"_links":{"self":[{"href":"https:\/\/lucacastelli.com\/fr\/wp-json\/wp\/v2\/product\/503134","targetHints":{"allow":["GET"]}}],"collection":[{"href":"https:\/\/lucacastelli.com\/fr\/wp-json\/wp\/v2\/product"}],"about":[{"href":"https:\/\/lucacastelli.com\/fr\/wp-json\/wp\/v2\/types\/product"}],"wp:featuredmedia":[{"embeddable":true,"href":"https:\/\/lucacastelli.com\/fr\/wp-json\/wp\/v2\/media\/453709"}],"wp:attachment":[{"href":"https:\/\/lucacastelli.com\/fr\/wp-json\/wp\/v2\/media?parent=503134"}],"wp:term":[{"taxonomy":"product_brand","embeddable":true,"href":"https:\/\/lucacastelli.com\/fr\/wp-json\/wp\/v2\/product_brand?post=503134"},{"taxonomy":"product_cat","embeddable":true,"href":"https:\/\/lucacastelli.com\/fr\/wp-json\/wp\/v2\/product_cat?post=503134"},{"taxonomy":"product_tag","embeddable":true,"href":"https:\/\/lucacastelli.com\/fr\/wp-json\/wp\/v2\/product_tag?post=503134"}],"curies":[{"name":"wp","href":"https:\/\/api.w.org\/{rel}","templated":true}]}}