{"id":503133,"date":"2025-06-01T00:12:41","date_gmt":"2025-05-31T22:12:41","guid":{"rendered":"https:\/\/lucacastelli.com\/prodotto\/stihl-3-8-picco-micro-mini-3-pmm3-30-cm\/"},"modified":"2025-07-23T00:28:22","modified_gmt":"2025-07-22T22:28:22","slug":"stihl-3-8-picco-micro-mini-3-pmm3-30-cm","status":"publish","type":"product","link":"https:\/\/lucacastelli.com\/fr\/produit\/stihl-3-8-picco-micro-mini-3-pmm3-30-cm\/","title":{"rendered":"STIHL 3\/8&#8243; Picco Micro Mini 3 (PMM3), 30 cm"},"content":{"rendered":"<p>Cha\u00eene \u00e0 faibles vibrations STIHL pour les utilisateurs qui ont besoin d\u2019un confort \u00e9lev\u00e9 et d\u2019une faible tendance au rebond, ainsi que d\u2019une excellente qualit\u00e9 de coupe. La cha\u00eene \u00e0 profil bas pour les tron\u00e7onneuses l\u00e9g\u00e8res est universellement adaptable. Id\u00e9al pour les utilisateurs occasionnels et pour une utilisation dans l\u2019\u00e9lagage professionnel.<br \/>\n795711356378  <\/p>\n<p>Pas de cha\u00eene 9,32 mm\/3\/8 &#8220;P<br \/>\n\u00c9paisseur du maillon de guidage \u00c9paisseur du maillon de guidage<\/p>\n<p>Longueur de la barre Longueur de la barre<\/p>\n","protected":false},"excerpt":{"rendered":"<p>3\/8&#8243; Picco Micro Mini 3 (PMM3), 30 cm<\/p>\n","protected":false},"featured_media":453725,"template":"","meta":{"_seopress_robots_primary_cat":"","_seopress_titles_title":"","_seopress_titles_desc":"","_seopress_robots_index":""},"product_brand":[3366],"product_cat":[29],"product_tag":[3265],"class_list":{"0":"post-503133","1":"product","2":"type-product","3":"status-publish","4":"has-post-thumbnail","6":"product_brand-stihl","7":"product_cat-macchinari","8":"product_tag-import-stihl","9":"sws-gruppo-macchinari-fr","10":"sws-conto-ricavi-merci-rivendita-macchinari-fr","11":"sws-gruppo-iva-iva81-fr","13":"first","14":"onbackorder","15":"purchasable","16":"product-type-simple"},"_links":{"self":[{"href":"https:\/\/lucacastelli.com\/fr\/wp-json\/wp\/v2\/product\/503133","targetHints":{"allow":["GET"]}}],"collection":[{"href":"https:\/\/lucacastelli.com\/fr\/wp-json\/wp\/v2\/product"}],"about":[{"href":"https:\/\/lucacastelli.com\/fr\/wp-json\/wp\/v2\/types\/product"}],"wp:featuredmedia":[{"embeddable":true,"href":"https:\/\/lucacastelli.com\/fr\/wp-json\/wp\/v2\/media\/453725"}],"wp:attachment":[{"href":"https:\/\/lucacastelli.com\/fr\/wp-json\/wp\/v2\/media?parent=503133"}],"wp:term":[{"taxonomy":"product_brand","embeddable":true,"href":"https:\/\/lucacastelli.com\/fr\/wp-json\/wp\/v2\/product_brand?post=503133"},{"taxonomy":"product_cat","embeddable":true,"href":"https:\/\/lucacastelli.com\/fr\/wp-json\/wp\/v2\/product_cat?post=503133"},{"taxonomy":"product_tag","embeddable":true,"href":"https:\/\/lucacastelli.com\/fr\/wp-json\/wp\/v2\/product_tag?post=503133"}],"curies":[{"name":"wp","href":"https:\/\/api.w.org\/{rel}","templated":true}]}}