{"id":503112,"date":"2025-06-01T00:09:38","date_gmt":"2025-05-31T22:09:38","guid":{"rendered":"https:\/\/lucacastelli.com\/prodotto\/stihl-rollomatic-e-3-8-11-p-45cm\/"},"modified":"2025-07-23T00:27:51","modified_gmt":"2025-07-22T22:27:51","slug":"stihl-rollomatic-e-3-8-11-p-45cm","status":"publish","type":"product","link":"https:\/\/lucacastelli.com\/fr\/produit\/stihl-rollomatic-e-3-8-11-p-45cm\/","title":{"rendered":"STIHL Rollomatic E, 3\/8&#8243;, 11 p, 45cm"},"content":{"rendered":"<p>Le corps de la STIHL Rollomatic E se compose de trois barres m\u00e9talliques \u00e9lectrosoud\u00e9es, dont le milieu est en grande partie \u00e9vid\u00e9. L\u2019avantage : une grande stabilit\u00e9 avec peu de poids. Pour couvrir le large \u00e9ventail d\u2019exigences d\u2019application, les barres STIHL Rollomatic E sont produites avec deux tailles de t\u00eate diff\u00e9rentes (\u00e9toiles folles).<br \/>\n795711038342  <\/p>\n<p>Pas de l\u2019\u00e9toile de raccord 9,32 mm\/3\/8 &#8221;<br \/>\nLargeur de la rainure Largeur de la rainure<\/p>\n<p>Raccordement du guide-cha\u00eene Raccordement du<br \/>\nguide-cha\u00eene Nombre de renvoi 11<br \/>\nLongueur de la barre 45cm\/18&#8243;<\/p>\n","protected":false},"excerpt":{"rendered":"<p>Rollomatic E, 3\/8&#8243;, 11 d, 45cm<\/p>\n","protected":false},"featured_media":429487,"template":"","meta":{"_seopress_robots_primary_cat":"","_seopress_titles_title":"","_seopress_titles_desc":"","_seopress_robots_index":""},"product_brand":[3366],"product_cat":[29,268,524],"product_tag":[3265],"class_list":{"0":"post-503112","1":"product","2":"type-product","3":"status-publish","4":"has-post-thumbnail","6":"product_brand-stihl","7":"product_cat-macchinari","8":"product_cat-motoseghe","9":"product_cat-spranghe-guida","10":"product_tag-import-stihl","11":"sws-gruppo-macchinari-fr","12":"sws-conto-ricavi-merci-rivendita-macchinari-fr","13":"sws-gruppo-iva-iva81-fr","15":"first","16":"onbackorder","17":"purchasable","18":"product-type-simple"},"_links":{"self":[{"href":"https:\/\/lucacastelli.com\/fr\/wp-json\/wp\/v2\/product\/503112","targetHints":{"allow":["GET"]}}],"collection":[{"href":"https:\/\/lucacastelli.com\/fr\/wp-json\/wp\/v2\/product"}],"about":[{"href":"https:\/\/lucacastelli.com\/fr\/wp-json\/wp\/v2\/types\/product"}],"wp:featuredmedia":[{"embeddable":true,"href":"https:\/\/lucacastelli.com\/fr\/wp-json\/wp\/v2\/media\/429487"}],"wp:attachment":[{"href":"https:\/\/lucacastelli.com\/fr\/wp-json\/wp\/v2\/media?parent=503112"}],"wp:term":[{"taxonomy":"product_brand","embeddable":true,"href":"https:\/\/lucacastelli.com\/fr\/wp-json\/wp\/v2\/product_brand?post=503112"},{"taxonomy":"product_cat","embeddable":true,"href":"https:\/\/lucacastelli.com\/fr\/wp-json\/wp\/v2\/product_cat?post=503112"},{"taxonomy":"product_tag","embeddable":true,"href":"https:\/\/lucacastelli.com\/fr\/wp-json\/wp\/v2\/product_tag?post=503112"}],"curies":[{"name":"wp","href":"https:\/\/api.w.org\/{rel}","templated":true}]}}