{"id":503103,"date":"2025-06-01T00:07:38","date_gmt":"2025-05-31T22:07:38","guid":{"rendered":"https:\/\/lucacastelli.com\/prodotto\/stihl-rollomatic-es-light-3-8-90cm\/"},"modified":"2025-07-23T00:27:37","modified_gmt":"2025-07-22T22:27:37","slug":"stihl-rollomatic-es-light-3-8-90cm","status":"publish","type":"product","link":"https:\/\/lucacastelli.com\/fr\/produit\/stihl-rollomatic-es-light-3-8-90cm\/","title":{"rendered":"STIHL Rollomatic ES Light, 3\/8&#8243;, 90cm"},"content":{"rendered":"<p>Les barres l\u00e9g\u00e8res STIHL E Light et ES Light diff\u00e8rent par le type de structure. Dans l\u2019E Light, les plaques m\u00e9talliques \u00e9lectrosoud\u00e9es sont en grande partie \u00e9vid\u00e9es et seringues avec du polyamide renforc\u00e9 de fibre de verre. Cela rend les barres particuli\u00e8rement stables et r\u00e9duit en m\u00eame temps consid\u00e9rablement leur poids. Dans l\u2019ES Light, les pi\u00e8ces creuses sont frais\u00e9es puis soud\u00e9es \u00e0 l\u2019aide d\u2019un proc\u00e9d\u00e9 laser sp\u00e9cial. Il en r\u00e9sulte un corps creux tr\u00e8s stable avec une structure \u00e9lastique inf\u00e9rieure et sup\u00e9rieure fl\u00e9chie. Les deux structures assurent des r\u00e9ductions de poids int\u00e9ressantes et un meilleur \u00e9quilibre de la tron\u00e7onneuse.<br \/>\n795711413910     <\/p>\n<p>Pas de l\u2019\u00e9toile de raccord 9,32 mm\/3\/8 &#8221;<br \/>\nLargeur de la rainure Largeur de la rainure<\/p>\n<p>Raccordement du guide-cha\u00eene Raccordement du<br \/>\nguide-cha\u00eene Nombre de renvoi 11<br \/>\nLongueur de la barre 90cm\/36&#8243;<\/p>\n","protected":false},"excerpt":{"rendered":"<p>Rollomatic ES Light, 3\/8&#8243;, 90cm<\/p>\n","protected":false},"featured_media":429659,"template":"","meta":{"_seopress_robots_primary_cat":"","_seopress_titles_title":"","_seopress_titles_desc":"","_seopress_robots_index":""},"product_brand":[3555],"product_cat":[1622,167,1604],"product_tag":[3267],"class_list":{"0":"post-503103","1":"product","2":"type-product","3":"status-publish","4":"has-post-thumbnail","6":"product_brand-stihl-fr","7":"product_cat-guides-chaine","8":"product_cat-machines","9":"product_cat-tronconneuses","10":"product_tag-import-stihl-fr","11":"sws-gruppo-macchinari-fr","12":"sws-conto-ricavi-merci-rivendita-macchinari-fr","13":"sws-gruppo-iva-iva81-fr","15":"first","16":"onbackorder","17":"purchasable","18":"product-type-simple"},"_links":{"self":[{"href":"https:\/\/lucacastelli.com\/fr\/wp-json\/wp\/v2\/product\/503103","targetHints":{"allow":["GET"]}}],"collection":[{"href":"https:\/\/lucacastelli.com\/fr\/wp-json\/wp\/v2\/product"}],"about":[{"href":"https:\/\/lucacastelli.com\/fr\/wp-json\/wp\/v2\/types\/product"}],"wp:featuredmedia":[{"embeddable":true,"href":"https:\/\/lucacastelli.com\/fr\/wp-json\/wp\/v2\/media\/429659"}],"wp:attachment":[{"href":"https:\/\/lucacastelli.com\/fr\/wp-json\/wp\/v2\/media?parent=503103"}],"wp:term":[{"taxonomy":"product_brand","embeddable":true,"href":"https:\/\/lucacastelli.com\/fr\/wp-json\/wp\/v2\/product_brand?post=503103"},{"taxonomy":"product_cat","embeddable":true,"href":"https:\/\/lucacastelli.com\/fr\/wp-json\/wp\/v2\/product_cat?post=503103"},{"taxonomy":"product_tag","embeddable":true,"href":"https:\/\/lucacastelli.com\/fr\/wp-json\/wp\/v2\/product_tag?post=503103"}],"curies":[{"name":"wp","href":"https:\/\/api.w.org\/{rel}","templated":true}]}}