{"id":503097,"date":"2025-06-01T00:07:25","date_gmt":"2025-05-31T22:07:25","guid":{"rendered":"https:\/\/lucacastelli.com\/prodotto\/chaine-diamant-36-ggm-45-cm\/"},"modified":"2026-04-15T11:42:29","modified_gmt":"2026-04-15T09:42:29","slug":"chaine-diamant-36-ggm-45-cm","status":"publish","type":"product","link":"https:\/\/lucacastelli.com\/fr\/produit\/chaine-diamant-36-ggm-45-cm\/","title":{"rendered":"Cha\u00eene diamant\u00e9e 36 GGM, 45 cm"},"content":{"rendered":"<p>Id\u00e9ale pour la coupe \u00e0 l\u2019eau stable, pr\u00e9cise et avec peu de vibrations de tuyaux en fonte ductile dans le secteur des canalisations et des conduites. Permet d\u2019effectuer des coupes m\u00eame dans des positions inconfortables et dans des endroits difficiles d\u2019acc\u00e8s. Les segments en acier rev\u00eatus de diamant garantissent une performance de coupe \u00e9lev\u00e9e pour les coupes verticales et les tron\u00e7onnages.<br \/>\n886661349739  <\/p>\n<p>Longueur du guide 45 cm\/18&#8243;<br \/>\nPas de cha\u00eene Pas de cha\u00eene<\/p>\n<p>\u00c9paisseur du maillon d\u2019entra\u00eenement \u00c9paisseur du maillon d\u2019entra\u00eenement<br \/>\nNombre de dents du pignon 1 8<br \/>\nNombre de maillons d\u2019entra\u00eenement 70 Tg<\/p>\n","protected":false},"excerpt":{"rendered":"<p>Cha\u00eene diamant\u00e9e 36 GGM, 45 cm<\/p>\n","protected":false},"featured_media":482249,"template":"","meta":{"_seopress_robots_primary_cat":"none","_seopress_titles_title":"","_seopress_titles_desc":"","_seopress_robots_index":""},"product_brand":[3555],"product_cat":[1607,1689,167,1687,1604],"product_tag":[3267],"class_list":{"0":"post-503097","1":"product","2":"type-product","3":"status-publish","4":"has-post-thumbnail","6":"product_brand-stihl-fr","7":"product_cat-chaines-et-enrouleurs","8":"product_cat-coupe-bordures-et-elagueurs","9":"product_cat-machines","10":"product_cat-tondeuses-electriques","11":"product_cat-tronconneuses","12":"product_tag-import-stihl-fr","13":"sws-gruppo-macchinari-fr","14":"sws-conto-ricavi-merci-rivendita-macchinari-fr","15":"sws-gruppo-iva-iva81-fr","17":"first","18":"onbackorder","19":"sale","20":"purchasable","21":"product-type-simple"},"_links":{"self":[{"href":"https:\/\/lucacastelli.com\/fr\/wp-json\/wp\/v2\/product\/503097","targetHints":{"allow":["GET"]}}],"collection":[{"href":"https:\/\/lucacastelli.com\/fr\/wp-json\/wp\/v2\/product"}],"about":[{"href":"https:\/\/lucacastelli.com\/fr\/wp-json\/wp\/v2\/types\/product"}],"wp:featuredmedia":[{"embeddable":true,"href":"https:\/\/lucacastelli.com\/fr\/wp-json\/wp\/v2\/media\/482249"}],"wp:attachment":[{"href":"https:\/\/lucacastelli.com\/fr\/wp-json\/wp\/v2\/media?parent=503097"}],"wp:term":[{"taxonomy":"product_brand","embeddable":true,"href":"https:\/\/lucacastelli.com\/fr\/wp-json\/wp\/v2\/product_brand?post=503097"},{"taxonomy":"product_cat","embeddable":true,"href":"https:\/\/lucacastelli.com\/fr\/wp-json\/wp\/v2\/product_cat?post=503097"},{"taxonomy":"product_tag","embeddable":true,"href":"https:\/\/lucacastelli.com\/fr\/wp-json\/wp\/v2\/product_tag?post=503097"}],"curies":[{"name":"wp","href":"https:\/\/api.w.org\/{rel}","templated":true}]}}