{"id":503088,"date":"2025-06-01T00:04:51","date_gmt":"2025-05-31T22:04:51","guid":{"rendered":"https:\/\/lucacastelli.com\/prodotto\/rollomatic-g-40-cm-pour-36-gbe-et-36-gbm\/"},"modified":"2025-12-01T14:45:57","modified_gmt":"2025-12-01T13:45:57","slug":"rollomatic-g-40-cm-pour-36-gbe-et-36-gbm","status":"publish","type":"product","link":"https:\/\/lucacastelli.com\/fr\/produit\/rollomatic-g-40-cm-pour-36-gbe-et-36-gbm\/","title":{"rendered":"Rollomatic G, 40 cm, pour 36 GBE et 36 GBM"},"content":{"rendered":"<p>\u00c9quip\u00e9 d\u2019un syst\u00e8me d\u2019alimentation en eau dans le bar et \u00e9galement dans le d\u00e9flecteur. Sp\u00e9cialement d\u00e9velopp\u00e9 pour GS 461, guide avec un deuxi\u00e8me trou pour allonger la capacit\u00e9 de tension, guide-cha\u00eene tremp\u00e9.<br \/>\n886661325856 <\/p>\n<p>Longueur de la barre 40cm\/16<br \/>\n&#8220;Largeur de la rainure Largeur de la rainure<\/p>\n<p>Pas d\u2019\u00e9toile de ralenti Pas d\u2019\u00e9toile de ralenti \u00c9toile de ralenti<br \/>\nnum\u00e9ro 14<\/p>\n","protected":false},"excerpt":{"rendered":"<p>Rollomatic G, 40 cm, pour 36 GBE et 36 GBM<\/p>\n","protected":false},"featured_media":482251,"template":"","meta":{"_seopress_robots_primary_cat":"","_seopress_titles_title":"","_seopress_titles_desc":"","_seopress_robots_index":""},"product_brand":[3366],"product_cat":[29,495,511],"product_tag":[3265],"class_list":{"0":"post-503088","1":"product","2":"type-product","3":"status-publish","4":"has-post-thumbnail","6":"product_brand-stihl","7":"product_cat-macchinari","8":"product_cat-troncatrici-e-mototroncatrici","9":"product_cat-mototroncatrici","10":"product_tag-import-stihl","11":"sws-gruppo-macchinari-en","12":"sws-conto-ricavi-merci-rivendita-macchinari","13":"sws-gruppo-iva-iva81","15":"first","16":"onbackorder","17":"purchasable","18":"product-type-simple"},"_links":{"self":[{"href":"https:\/\/lucacastelli.com\/fr\/wp-json\/wp\/v2\/product\/503088","targetHints":{"allow":["GET"]}}],"collection":[{"href":"https:\/\/lucacastelli.com\/fr\/wp-json\/wp\/v2\/product"}],"about":[{"href":"https:\/\/lucacastelli.com\/fr\/wp-json\/wp\/v2\/types\/product"}],"wp:featuredmedia":[{"embeddable":true,"href":"https:\/\/lucacastelli.com\/fr\/wp-json\/wp\/v2\/media\/482251"}],"wp:attachment":[{"href":"https:\/\/lucacastelli.com\/fr\/wp-json\/wp\/v2\/media?parent=503088"}],"wp:term":[{"taxonomy":"product_brand","embeddable":true,"href":"https:\/\/lucacastelli.com\/fr\/wp-json\/wp\/v2\/product_brand?post=503088"},{"taxonomy":"product_cat","embeddable":true,"href":"https:\/\/lucacastelli.com\/fr\/wp-json\/wp\/v2\/product_cat?post=503088"},{"taxonomy":"product_tag","embeddable":true,"href":"https:\/\/lucacastelli.com\/fr\/wp-json\/wp\/v2\/product_tag?post=503088"}],"curies":[{"name":"wp","href":"https:\/\/api.w.org\/{rel}","templated":true}]}}