{"id":502957,"date":"2025-06-01T12:43:20","date_gmt":"2025-06-01T10:43:20","guid":{"rendered":"https:\/\/lucacastelli.com\/?post_type=product&#038;p=502957"},"modified":"2025-07-25T12:44:14","modified_gmt":"2025-07-25T10:44:14","slug":"sweat-a-capuche-stihl-orange","status":"publish","type":"product","link":"https:\/\/lucacastelli.com\/fr\/produit\/sweat-a-capuche-stihl-orange\/","title":{"rendered":"Sweat \u00e0 capuche STIHL ORANGE"},"content":{"rendered":"<p>En psychologie, on dit que la couleur orange am\u00e9liore l\u2019ambiance. Vous ne pouvez vraiment pas \u00eatre de mauvaise humeur quand vous voyez ce sweat-shirt dans la couleur orange de signalisation. Avec un grand logo 3D l\u00e9g\u00e8rement en relief sur la poitrine.  <\/p>\n","protected":false},"excerpt":{"rendered":"<p>Sweat \u00e0 capuche ORANGE<\/p>\n","protected":false},"featured_media":440496,"template":"","meta":{"_seopress_robots_primary_cat":"none","_seopress_titles_title":"","_seopress_titles_desc":"","_seopress_robots_index":""},"product_brand":[3555],"product_cat":[81,981],"product_tag":[3267],"class_list":{"0":"post-502957","1":"product","2":"type-product","3":"status-publish","4":"has-post-thumbnail","6":"product_brand-stihl-fr","7":"product_cat-vetements","8":"product_cat-vetements-de-loisirs","9":"product_tag-import-stihl-fr","10":"sws-conto-ricavi-merci-rivendita-abbigliamento-fr","11":"sws-gruppo-iva-iva81-fr","13":"first","14":"instock","15":"shipping-taxable","16":"purchasable","17":"product-type-variable"},"_links":{"self":[{"href":"https:\/\/lucacastelli.com\/fr\/wp-json\/wp\/v2\/product\/502957","targetHints":{"allow":["GET"]}}],"collection":[{"href":"https:\/\/lucacastelli.com\/fr\/wp-json\/wp\/v2\/product"}],"about":[{"href":"https:\/\/lucacastelli.com\/fr\/wp-json\/wp\/v2\/types\/product"}],"wp:featuredmedia":[{"embeddable":true,"href":"https:\/\/lucacastelli.com\/fr\/wp-json\/wp\/v2\/media\/440496"}],"wp:attachment":[{"href":"https:\/\/lucacastelli.com\/fr\/wp-json\/wp\/v2\/media?parent=502957"}],"wp:term":[{"taxonomy":"product_brand","embeddable":true,"href":"https:\/\/lucacastelli.com\/fr\/wp-json\/wp\/v2\/product_brand?post=502957"},{"taxonomy":"product_cat","embeddable":true,"href":"https:\/\/lucacastelli.com\/fr\/wp-json\/wp\/v2\/product_cat?post=502957"},{"taxonomy":"product_tag","embeddable":true,"href":"https:\/\/lucacastelli.com\/fr\/wp-json\/wp\/v2\/product_tag?post=502957"}],"curies":[{"name":"wp","href":"https:\/\/api.w.org\/{rel}","templated":true}]}}