{"id":502944,"date":"2025-07-09T09:05:21","date_gmt":"2025-07-09T07:05:21","guid":{"rendered":"https:\/\/lucacastelli.com\/prodotto\/milwaukee-lame-de-scie-droite-111\/"},"modified":"2026-04-16T02:27:59","modified_gmt":"2026-04-16T00:27:59","slug":"milwaukee-lame-de-scie-droite-111","status":"publish","type":"product","link":"https:\/\/lucacastelli.com\/fr\/produit\/milwaukee-lame-de-scie-droite-111\/","title":{"rendered":"MILWAUKEE Lame pour scie sabre"},"content":{"rendered":"<p>LAME SD THIN KERF 150\/1,8 50 pces<br \/>\nConvient pour : tubes m\u00e9talliques, m\u00e9taux non ferreux, acier, acier inoxydable ; G\u00e9om\u00e9trie de denture optimis\u00e9e pour une vitesse et une durabilit\u00e9 maximales ; G\u00e9om\u00e9trie de denture optimis\u00e9e pour une vitesse et une durabilit\u00e9 maximales. La construction bim\u00e9tallique des dents avec 8 % de cobalt am\u00e9liore encore les performances et la dur\u00e9e de vie ; Zone d\u2019emmanchement renforc\u00e9e par estampage de renforts m\u00e9talliques pour rendre cette lame 2x plus r\u00e9sistante \u00e0 la flexion par rapport \u00e0 une construction standard ; Corps de lame de 0,90 millim\u00e8tres d\u2019\u00e9paisseur optimis\u00e9 pour une vitesse et une flexibilit\u00e9 maximales<\/p>\n<p>M\u00e9tal : Lames THIN KERF<br \/>\n045242084722<\/p>\n","protected":false},"excerpt":{"rendered":"<p>LAME SD THIN KERF 150\/1,8 50 pces Convient pour : tubes m\u00e9talliques, m\u00e9taux non ferreux, acier, acier inoxydable ; G\u00e9om\u00e9trie<\/p>\n","protected":false},"featured_media":432604,"template":"","meta":{"_seopress_robots_primary_cat":"","_seopress_titles_title":"","_seopress_titles_desc":"","_seopress_robots_index":""},"product_brand":[3407],"product_cat":[29,558],"product_tag":[6834],"class_list":{"0":"post-502944","1":"product","2":"type-product","3":"status-publish","4":"has-post-thumbnail","6":"product_brand-milwaukee","7":"product_cat-macchinari","8":"product_cat-seghe-accessori-vari","9":"product_tag-imp-26-mw_update","10":"sws-gruppo-macchinari-fr","11":"sws-conto-ricavi-merci-rivendita-macchinari-fr","12":"sws-gruppo-iva-iva81-fr","14":"first","15":"instock","16":"sale","17":"shipping-taxable","18":"purchasable","19":"product-type-simple"},"_links":{"self":[{"href":"https:\/\/lucacastelli.com\/fr\/wp-json\/wp\/v2\/product\/502944","targetHints":{"allow":["GET"]}}],"collection":[{"href":"https:\/\/lucacastelli.com\/fr\/wp-json\/wp\/v2\/product"}],"about":[{"href":"https:\/\/lucacastelli.com\/fr\/wp-json\/wp\/v2\/types\/product"}],"wp:featuredmedia":[{"embeddable":true,"href":"https:\/\/lucacastelli.com\/fr\/wp-json\/wp\/v2\/media\/432604"}],"wp:attachment":[{"href":"https:\/\/lucacastelli.com\/fr\/wp-json\/wp\/v2\/media?parent=502944"}],"wp:term":[{"taxonomy":"product_brand","embeddable":true,"href":"https:\/\/lucacastelli.com\/fr\/wp-json\/wp\/v2\/product_brand?post=502944"},{"taxonomy":"product_cat","embeddable":true,"href":"https:\/\/lucacastelli.com\/fr\/wp-json\/wp\/v2\/product_cat?post=502944"},{"taxonomy":"product_tag","embeddable":true,"href":"https:\/\/lucacastelli.com\/fr\/wp-json\/wp\/v2\/product_tag?post=502944"}],"curies":[{"name":"wp","href":"https:\/\/api.w.org\/{rel}","templated":true}]}}