{"id":502937,"date":"2025-07-09T09:05:20","date_gmt":"2025-07-09T07:05:20","guid":{"rendered":"https:\/\/lucacastelli.com\/prodotto\/milwaukee-lame-de-scie-droite-109\/"},"modified":"2025-07-09T09:05:20","modified_gmt":"2025-07-09T07:05:20","slug":"milwaukee-lame-de-scie-droite-109","status":"publish","type":"product","link":"https:\/\/lucacastelli.com\/fr\/produit\/milwaukee-lame-de-scie-droite-109\/","title":{"rendered":"MILWAUKEE Lame de scie droite"},"content":{"rendered":"<p>G\u00e9om\u00e9trie de dent optimis\u00e9e pour une vitesse et une durabilit\u00e9 maximales ; G\u00e9om\u00e9trie de dent optimis\u00e9e pour une vitesse et une durabilit\u00e9 maximales. La construction bim\u00e9tallique des dents avec 8&nbsp;% de cobalt am\u00e9liore encore les performances et la dur\u00e9e de vie utile&nbsp;; Renforcement de la zone d\u2019attache par moulage de renforts m\u00e9talliques afin de rendre cette lame 2x plus r\u00e9sistante \u00e0 la flexion que la construction standard ; Corps de lame optimis\u00e9 de 0,90 mm d\u2019\u00e9paisseur pour une vitesse et une flexibilit\u00e9 maximales<\/p>\n","protected":false},"excerpt":{"rendered":"<p>G\u00e9om\u00e9trie de dent optimis\u00e9e pour une vitesse et une durabilit\u00e9 maximales ; G\u00e9om\u00e9trie de dent optimis\u00e9e pour une vitesse et<\/p>\n","protected":false},"featured_media":432613,"template":"","meta":{"_seopress_robots_primary_cat":"","_seopress_titles_title":"","_seopress_titles_desc":"","_seopress_robots_index":""},"product_brand":[3658],"product_cat":[167,1534],"product_tag":[6839],"class_list":{"0":"post-502937","1":"product","2":"type-product","3":"status-publish","4":"has-post-thumbnail","6":"product_brand-milwaukee-fr","7":"product_cat-machines","8":"product_cat-scies","9":"product_tag-imp-26-mw_update","10":"sws-gruppo-macchinari-fr","11":"sws-conto-ricavi-merci-rivendita-macchinari-fr","12":"sws-gruppo-iva-iva81-fr","14":"first","15":"instock","16":"sale","17":"shipping-taxable","18":"purchasable","19":"product-type-simple"},"_links":{"self":[{"href":"https:\/\/lucacastelli.com\/fr\/wp-json\/wp\/v2\/product\/502937","targetHints":{"allow":["GET"]}}],"collection":[{"href":"https:\/\/lucacastelli.com\/fr\/wp-json\/wp\/v2\/product"}],"about":[{"href":"https:\/\/lucacastelli.com\/fr\/wp-json\/wp\/v2\/types\/product"}],"wp:featuredmedia":[{"embeddable":true,"href":"https:\/\/lucacastelli.com\/fr\/wp-json\/wp\/v2\/media\/432613"}],"wp:attachment":[{"href":"https:\/\/lucacastelli.com\/fr\/wp-json\/wp\/v2\/media?parent=502937"}],"wp:term":[{"taxonomy":"product_brand","embeddable":true,"href":"https:\/\/lucacastelli.com\/fr\/wp-json\/wp\/v2\/product_brand?post=502937"},{"taxonomy":"product_cat","embeddable":true,"href":"https:\/\/lucacastelli.com\/fr\/wp-json\/wp\/v2\/product_cat?post=502937"},{"taxonomy":"product_tag","embeddable":true,"href":"https:\/\/lucacastelli.com\/fr\/wp-json\/wp\/v2\/product_tag?post=502937"}],"curies":[{"name":"wp","href":"https:\/\/api.w.org\/{rel}","templated":true}]}}