{"id":502936,"date":"2025-07-09T09:05:17","date_gmt":"2025-07-09T07:05:17","guid":{"rendered":"https:\/\/lucacastelli.com\/prodotto\/milwaukee-lame-de-scie-droite-108\/"},"modified":"2026-04-16T02:28:15","modified_gmt":"2026-04-16T00:28:15","slug":"milwaukee-lame-de-scie-droite-108","status":"publish","type":"product","link":"https:\/\/lucacastelli.com\/fr\/produit\/milwaukee-lame-de-scie-droite-108\/","title":{"rendered":"MILWAUKEE Lame pour scie sabre"},"content":{"rendered":"<p>LAME SD THIN KERF 230\/1,4 50 pcs<br \/>\nAdapt\u00e9 pour : tubes m\u00e9talliques, m\u00e9taux non ferreux, acier, acier inoxydable ; G\u00e9om\u00e9trie de la dent optimis\u00e9e pour une vitesse et une dur\u00e9e maximales ; G\u00e9om\u00e9trie de la dent optimis\u00e9e pour une vitesse et une dur\u00e9e maximales. Construction bi-m\u00e9tallique des dents avec 8 % de cobalt am\u00e9liorant encore les performances et la dur\u00e9e de vie ; Zone de fixation renforc\u00e9e par emboutissage de renforts m\u00e9talliques afin de rendre cette lame 2x plus r\u00e9sistante aux flexions par rapport \u00e0 la construction standard ; Corps de la lame de 0,90 millim\u00e8tres d&#8217;\u00e9paisseur optimis\u00e9 pour une vitesse et une flexibilit\u00e9 maximales<\/p>\n<p>M\u00e9tal : Lames THIN KERF<br \/>\n045242084876<\/p>\n","protected":false},"excerpt":{"rendered":"<p>LAME SD THIN KERF 230\/1,4 50 pcs Adapt\u00e9 pour : tubes m\u00e9talliques, m\u00e9taux non ferreux, acier, acier inoxydable ; G\u00e9om\u00e9trie<\/p>\n","protected":false},"featured_media":432631,"template":"","meta":{"_seopress_robots_primary_cat":"","_seopress_titles_title":"","_seopress_titles_desc":"","_seopress_robots_index":""},"product_brand":[3407],"product_cat":[29,558],"product_tag":[6834],"class_list":{"0":"post-502936","1":"product","2":"type-product","3":"status-publish","4":"has-post-thumbnail","6":"product_brand-milwaukee","7":"product_cat-macchinari","8":"product_cat-seghe-accessori-vari","9":"product_tag-imp-26-mw_update","10":"sws-gruppo-macchinari-fr","11":"sws-conto-ricavi-merci-rivendita-macchinari-fr","12":"sws-gruppo-iva-iva81-fr","14":"first","15":"instock","16":"sale","17":"shipping-taxable","18":"purchasable","19":"product-type-simple"},"_links":{"self":[{"href":"https:\/\/lucacastelli.com\/fr\/wp-json\/wp\/v2\/product\/502936","targetHints":{"allow":["GET"]}}],"collection":[{"href":"https:\/\/lucacastelli.com\/fr\/wp-json\/wp\/v2\/product"}],"about":[{"href":"https:\/\/lucacastelli.com\/fr\/wp-json\/wp\/v2\/types\/product"}],"wp:featuredmedia":[{"embeddable":true,"href":"https:\/\/lucacastelli.com\/fr\/wp-json\/wp\/v2\/media\/432631"}],"wp:attachment":[{"href":"https:\/\/lucacastelli.com\/fr\/wp-json\/wp\/v2\/media?parent=502936"}],"wp:term":[{"taxonomy":"product_brand","embeddable":true,"href":"https:\/\/lucacastelli.com\/fr\/wp-json\/wp\/v2\/product_brand?post=502936"},{"taxonomy":"product_cat","embeddable":true,"href":"https:\/\/lucacastelli.com\/fr\/wp-json\/wp\/v2\/product_cat?post=502936"},{"taxonomy":"product_tag","embeddable":true,"href":"https:\/\/lucacastelli.com\/fr\/wp-json\/wp\/v2\/product_tag?post=502936"}],"curies":[{"name":"wp","href":"https:\/\/api.w.org\/{rel}","templated":true}]}}