{"id":502921,"date":"2025-07-09T09:01:01","date_gmt":"2025-07-09T07:01:01","guid":{"rendered":"https:\/\/lucacastelli.com\/prodotto\/milwaukee-lame-de-scie-droite-103\/"},"modified":"2026-04-16T02:29:10","modified_gmt":"2026-04-16T00:29:10","slug":"milwaukee-lame-de-scie-droite-103","status":"publish","type":"product","link":"https:\/\/lucacastelli.com\/fr\/produit\/milwaukee-lame-de-scie-droite-103\/","title":{"rendered":"MILWAUKEE Lame pour scie sabre"},"content":{"rendered":"<p>LAME HZ Long. mm\/Pas 100\/1,4 5pcs<br \/>\nAdapt\u00e9 pour : tubes m\u00e9talliques, m\u00e9taux non ferreux, acier ; Lames sp\u00e9cifiques pour Milwaukee C12 HZ et M12 CHZ ; Construction bi-m\u00e9tallique pour une dur\u00e9e de vie accrue des dents ; Dessin particulier des dents pour des coupes rapides et agressives ; Corps de lame \u00e9pais pour une r\u00e9sistance accrue <\/p>\n<p>Lames HACKZALL<br \/>\n045242160341<\/p>\n","protected":false},"excerpt":{"rendered":"<p>LAME HZ Long. mm\/Pas 100\/1,4 5pcs Adapt\u00e9 pour : tubes m\u00e9talliques, m\u00e9taux non ferreux, acier ; Lames sp\u00e9cifiques pour Milwaukee<\/p>\n","protected":false},"featured_media":485456,"template":"","meta":{"_seopress_robots_primary_cat":"","_seopress_titles_title":"","_seopress_titles_desc":"","_seopress_robots_index":""},"product_brand":[3407],"product_cat":[29,558],"product_tag":[6834],"class_list":{"0":"post-502921","1":"product","2":"type-product","3":"status-publish","4":"has-post-thumbnail","6":"product_brand-milwaukee","7":"product_cat-macchinari","8":"product_cat-seghe-accessori-vari","9":"product_tag-imp-26-mw_update","10":"sws-gruppo-macchinari-fr","11":"sws-conto-ricavi-merci-rivendita-macchinari-fr","12":"sws-gruppo-iva-iva81-fr","14":"first","15":"instock","16":"sale","17":"shipping-taxable","18":"purchasable","19":"product-type-simple"},"_links":{"self":[{"href":"https:\/\/lucacastelli.com\/fr\/wp-json\/wp\/v2\/product\/502921","targetHints":{"allow":["GET"]}}],"collection":[{"href":"https:\/\/lucacastelli.com\/fr\/wp-json\/wp\/v2\/product"}],"about":[{"href":"https:\/\/lucacastelli.com\/fr\/wp-json\/wp\/v2\/types\/product"}],"wp:featuredmedia":[{"embeddable":true,"href":"https:\/\/lucacastelli.com\/fr\/wp-json\/wp\/v2\/media\/485456"}],"wp:attachment":[{"href":"https:\/\/lucacastelli.com\/fr\/wp-json\/wp\/v2\/media?parent=502921"}],"wp:term":[{"taxonomy":"product_brand","embeddable":true,"href":"https:\/\/lucacastelli.com\/fr\/wp-json\/wp\/v2\/product_brand?post=502921"},{"taxonomy":"product_cat","embeddable":true,"href":"https:\/\/lucacastelli.com\/fr\/wp-json\/wp\/v2\/product_cat?post=502921"},{"taxonomy":"product_tag","embeddable":true,"href":"https:\/\/lucacastelli.com\/fr\/wp-json\/wp\/v2\/product_tag?post=502921"}],"curies":[{"name":"wp","href":"https:\/\/api.w.org\/{rel}","templated":true}]}}