{"id":502918,"date":"2025-07-08T17:52:52","date_gmt":"2025-07-08T15:52:52","guid":{"rendered":"https:\/\/lucacastelli.com\/prodotto\/arbre-milwaukee-2\/"},"modified":"2025-07-08T17:52:52","modified_gmt":"2025-07-08T15:52:52","slug":"arbre-milwaukee-2","status":"publish","type":"product","link":"https:\/\/lucacastelli.com\/fr\/produit\/arbre-milwaukee-2\/","title":{"rendered":"Arbre MILWAUKEE"},"content":{"rendered":"<p>Tige de bo\u00eetier avec mandrin, bo\u00eetier Weldon&nbsp;; Pour l\u2019utilisation de forets h\u00e9lico\u00efdaux avec une tige cylindrique jusqu\u2019\u00e0 13 mm dans une carotteuse magn\u00e9tique avec bo\u00eetier Weldon<\/p>\n","protected":false},"excerpt":{"rendered":"<p>Tige de bo\u00eetier avec mandrin, bo\u00eetier Weldon&nbsp;; Pour l\u2019utilisation de forets h\u00e9lico\u00efdaux avec une tige cylindrique jusqu\u2019\u00e0 13 mm dans<\/p>\n","protected":false},"featured_media":484818,"template":"","meta":{"_seopress_robots_primary_cat":"","_seopress_titles_title":"","_seopress_titles_desc":"","_seopress_robots_index":""},"product_brand":[3658],"product_cat":[1555,167,1552],"product_tag":[3273],"class_list":{"0":"post-502918","1":"product","2":"type-product","3":"status-publish","4":"has-post-thumbnail","6":"product_brand-milwaukee-fr","7":"product_cat-accessoires-pour-perceuses-et-tournevis","8":"product_cat-machines","9":"product_cat-perceuses-et-tournevis","10":"product_tag-import-milwau-fr","11":"sws-gruppo-macchinari-fr","12":"sws-conto-ricavi-merci-rivendita-macchinari-fr","13":"sws-gruppo-iva-iva81-fr","15":"first","16":"instock","17":"sale","18":"shipping-taxable","19":"purchasable","20":"product-type-simple"},"_links":{"self":[{"href":"https:\/\/lucacastelli.com\/fr\/wp-json\/wp\/v2\/product\/502918","targetHints":{"allow":["GET"]}}],"collection":[{"href":"https:\/\/lucacastelli.com\/fr\/wp-json\/wp\/v2\/product"}],"about":[{"href":"https:\/\/lucacastelli.com\/fr\/wp-json\/wp\/v2\/types\/product"}],"wp:featuredmedia":[{"embeddable":true,"href":"https:\/\/lucacastelli.com\/fr\/wp-json\/wp\/v2\/media\/484818"}],"wp:attachment":[{"href":"https:\/\/lucacastelli.com\/fr\/wp-json\/wp\/v2\/media?parent=502918"}],"wp:term":[{"taxonomy":"product_brand","embeddable":true,"href":"https:\/\/lucacastelli.com\/fr\/wp-json\/wp\/v2\/product_brand?post=502918"},{"taxonomy":"product_cat","embeddable":true,"href":"https:\/\/lucacastelli.com\/fr\/wp-json\/wp\/v2\/product_cat?post=502918"},{"taxonomy":"product_tag","embeddable":true,"href":"https:\/\/lucacastelli.com\/fr\/wp-json\/wp\/v2\/product_tag?post=502918"}],"curies":[{"name":"wp","href":"https:\/\/api.w.org\/{rel}","templated":true}]}}