{"id":502887,"date":"2025-07-08T17:52:24","date_gmt":"2025-07-08T15:52:24","guid":{"rendered":"https:\/\/lucacastelli.com\/prodotto\/milwaukee-hss-g-tin-pointe-metallique-15\/"},"modified":"2025-07-08T17:52:24","modified_gmt":"2025-07-08T15:52:24","slug":"milwaukee-hss-g-tin-pointe-metallique-15","status":"publish","type":"product","link":"https:\/\/lucacastelli.com\/fr\/produit\/milwaukee-hss-g-tin-pointe-metallique-15\/","title":{"rendered":"MILWAUKEE HSS-G TiN Pointe m\u00e9tallique"},"content":{"rendered":"<p>Embouts hexagonaux 1\/4 Zoll optimis\u00e9s pour les cl\u00e9s \u00e0 chocs ; Le rev\u00eatement en nitrure de titane aide la pointe \u00e0 refroidir et permet de l\u2019utiliser m\u00eame \u00e0 grande vitesse&nbsp;; La g\u00e9om\u00e9trie du foret avec un angle de 135\u00b0 r\u00e9duit le glissement du foret et permet une pr\u00e9cision de per\u00e7age maximale, sans surchauffe de celle-ci&nbsp;; Rainure avec conception variable. Cela permet une \u00e9jection plus rapide du mat\u00e9riau et r\u00e9duit la chaleur accumul\u00e9e, le tout pour une plus grande efficacit\u00e9 ; Conception plus solide pour une durabilit\u00e9 et une dur\u00e9e de vie de la pointe plus longues&nbsp;; Plus grande polyvalence gr\u00e2ce \u00e0 l\u2019entra\u00eenement hexagonal 1\/4 Zoll qui permet une utilisation sur des perceuses et des cl\u00e9s \u00e0 chocs <\/p>\n","protected":false},"excerpt":{"rendered":"<p>Embouts hexagonaux 1\/4 Zoll optimis\u00e9s pour les cl\u00e9s \u00e0 chocs ; Le rev\u00eatement en nitrure de titane aide la pointe<\/p>\n","protected":false},"featured_media":484920,"template":"","meta":{"_seopress_robots_primary_cat":"","_seopress_titles_title":"","_seopress_titles_desc":"","_seopress_robots_index":""},"product_brand":[3658],"product_cat":[1555,167,1552],"product_tag":[3273],"class_list":{"0":"post-502887","1":"product","2":"type-product","3":"status-publish","4":"has-post-thumbnail","6":"product_brand-milwaukee-fr","7":"product_cat-accessoires-pour-perceuses-et-tournevis","8":"product_cat-machines","9":"product_cat-perceuses-et-tournevis","10":"product_tag-import-milwau-fr","11":"sws-gruppo-macchinari-fr","12":"sws-conto-ricavi-merci-rivendita-macchinari-fr","13":"sws-gruppo-iva-iva81-fr","15":"first","16":"instock","17":"sale","18":"shipping-taxable","19":"purchasable","20":"product-type-simple"},"_links":{"self":[{"href":"https:\/\/lucacastelli.com\/fr\/wp-json\/wp\/v2\/product\/502887","targetHints":{"allow":["GET"]}}],"collection":[{"href":"https:\/\/lucacastelli.com\/fr\/wp-json\/wp\/v2\/product"}],"about":[{"href":"https:\/\/lucacastelli.com\/fr\/wp-json\/wp\/v2\/types\/product"}],"wp:featuredmedia":[{"embeddable":true,"href":"https:\/\/lucacastelli.com\/fr\/wp-json\/wp\/v2\/media\/484920"}],"wp:attachment":[{"href":"https:\/\/lucacastelli.com\/fr\/wp-json\/wp\/v2\/media?parent=502887"}],"wp:term":[{"taxonomy":"product_brand","embeddable":true,"href":"https:\/\/lucacastelli.com\/fr\/wp-json\/wp\/v2\/product_brand?post=502887"},{"taxonomy":"product_cat","embeddable":true,"href":"https:\/\/lucacastelli.com\/fr\/wp-json\/wp\/v2\/product_cat?post=502887"},{"taxonomy":"product_tag","embeddable":true,"href":"https:\/\/lucacastelli.com\/fr\/wp-json\/wp\/v2\/product_tag?post=502887"}],"curies":[{"name":"wp","href":"https:\/\/api.w.org\/{rel}","templated":true}]}}