{"id":502874,"date":"2025-07-08T17:52:20","date_gmt":"2025-07-08T15:52:20","guid":{"rendered":"https:\/\/lucacastelli.com\/prodotto\/milwaukee-hss-g-tin-pointe-metallique-10\/"},"modified":"2026-04-16T02:30:45","modified_gmt":"2026-04-16T00:30:45","slug":"milwaukee-hss-g-tin-pointe-metallique-10","status":"publish","type":"product","link":"https:\/\/lucacastelli.com\/fr\/produit\/milwaukee-hss-g-tin-pointe-metallique-10\/","title":{"rendered":"MILWAUKEE Foret m\u00e9tal HSS-G TiN"},"content":{"rendered":"<p>FORET REDHEX HSS-G 10,5X122MM -1pce<br \/>\nForets avec emmanchement hex 1\/4&#8243; optimis\u00e9s pour visseuses \u00e0 chocs;Rev\u00eatement au nitrure de titane favorise le refroidissement du foret et permet de l&#8217;utiliser m\u00eame \u00e0 hautes vitesses;La g\u00e9om\u00e9trie du foret avec angle 135\u00b0 r\u00e9duit le glissement du foret et permet la pr\u00e9cision maximale de per\u00e7age, sans surchauffe de celui-ci;Goujure avec design variable. Cela permet une \u00e9vacuation du mat\u00e9riau plus rapide et r\u00e9duit la chaleur accumul\u00e9e, le tout pour une efficacit\u00e9 accrue;Design plus robuste pour une durabilit\u00e9 et une dur\u00e9e de vie du foret accrues;Polyvalence accrue gr\u00e2ce \u00e0 l&#8217;emmanchement hex 1\/4&#8243; qui permet l&#8217;utilisation sur perceuses et visseuses \u00e0 chocs <\/p>\n<p>Forets m\u00e9tal HSS-G TITANE SHOCKWAVE<br \/>\n045242501748<\/p>\n","protected":false},"excerpt":{"rendered":"<p>FORET REDHEX HSS-G 10,5X122MM -1pce Forets avec emmanchement hex 1\/4&#8243; optimis\u00e9s pour visseuses \u00e0 chocs;Rev\u00eatement au nitrure de titane favorise<\/p>\n","protected":false},"featured_media":484981,"template":"","meta":{"_seopress_robots_primary_cat":"","_seopress_titles_title":"","_seopress_titles_desc":"","_seopress_robots_index":""},"product_brand":[3407],"product_cat":[29,549,550],"product_tag":[6834],"class_list":{"0":"post-502874","1":"product","2":"type-product","3":"status-publish","4":"has-post-thumbnail","6":"product_brand-milwaukee","7":"product_cat-macchinari","8":"product_cat-trapani-e-avvitatori","9":"product_cat-accessori-per-trapani-ed-avvitatori","10":"product_tag-imp-26-mw_update","11":"sws-gruppo-macchinari-fr","12":"sws-conto-ricavi-merci-rivendita-macchinari-fr","13":"sws-gruppo-iva-iva81-fr","15":"first","16":"instock","17":"sale","18":"shipping-taxable","19":"purchasable","20":"product-type-simple"},"_links":{"self":[{"href":"https:\/\/lucacastelli.com\/fr\/wp-json\/wp\/v2\/product\/502874","targetHints":{"allow":["GET"]}}],"collection":[{"href":"https:\/\/lucacastelli.com\/fr\/wp-json\/wp\/v2\/product"}],"about":[{"href":"https:\/\/lucacastelli.com\/fr\/wp-json\/wp\/v2\/types\/product"}],"wp:featuredmedia":[{"embeddable":true,"href":"https:\/\/lucacastelli.com\/fr\/wp-json\/wp\/v2\/media\/484981"}],"wp:attachment":[{"href":"https:\/\/lucacastelli.com\/fr\/wp-json\/wp\/v2\/media?parent=502874"}],"wp:term":[{"taxonomy":"product_brand","embeddable":true,"href":"https:\/\/lucacastelli.com\/fr\/wp-json\/wp\/v2\/product_brand?post=502874"},{"taxonomy":"product_cat","embeddable":true,"href":"https:\/\/lucacastelli.com\/fr\/wp-json\/wp\/v2\/product_cat?post=502874"},{"taxonomy":"product_tag","embeddable":true,"href":"https:\/\/lucacastelli.com\/fr\/wp-json\/wp\/v2\/product_tag?post=502874"}],"curies":[{"name":"wp","href":"https:\/\/api.w.org\/{rel}","templated":true}]}}