{"id":502864,"date":"2025-07-08T17:52:14","date_gmt":"2025-07-08T15:52:14","guid":{"rendered":"https:\/\/lucacastelli.com\/prodotto\/milwaukee-hss-g-tin-pointe-metallique-7\/"},"modified":"2026-04-16T02:30:15","modified_gmt":"2026-04-16T00:30:15","slug":"milwaukee-hss-g-tin-pointe-metallique-7","status":"publish","type":"product","link":"https:\/\/lucacastelli.com\/fr\/produit\/milwaukee-hss-g-tin-pointe-metallique-7\/","title":{"rendered":"MILWAUKEE Foret m\u00e9taux HSS-G TiN"},"content":{"rendered":"<p>FORET REDHEX HSS-G 3,0 X 65 mm &#8211; 2 pces<br \/>\nForets avec emmanchement hexagonal 1\/4\u201d optimis\u00e9s pour les visseuses \u00e0 chocs ; Le rev\u00eatement au nitrure de titane favorise le refroidissement du foret et permet une utilisation \u00e0 haute vitesse ; La g\u00e9om\u00e9trie de la pointe avec un angle de 135\u00b0 r\u00e9duit le glissement et permet une pr\u00e9cision de per\u00e7age maximale, sans surchauffe ; Goujure \u00e0 design variable. Cela permet une \u00e9vacuation plus rapide de la mati\u00e8re et r\u00e9duit la chaleur accumul\u00e9e, pour une efficacit\u00e9 accrue ; Conception plus robuste pour une durabilit\u00e9 et une dur\u00e9e de vie accrues du foret ; Polyvalence accrue gr\u00e2ce \u00e0 l\u2019emmanchement hexagonal 1\/4\u201d qui permet l\u2019utilisation sur perceuses et visseuses \u00e0 chocs <\/p>\n<p>Forets m\u00e9taux HSS-G TITANE SHOCKWAVE<br \/>\n045242506866<\/p>\n","protected":false},"excerpt":{"rendered":"<p>FORET REDHEX HSS-G 3,0 X 65 mm &#8211; 2 pces Forets avec emmanchement hexagonal 1\/4\u201d optimis\u00e9s pour les visseuses \u00e0<\/p>\n","protected":false},"featured_media":485011,"template":"","meta":{"_seopress_robots_primary_cat":"","_seopress_titles_title":"","_seopress_titles_desc":"","_seopress_robots_index":""},"product_brand":[3407],"product_cat":[29,549,550],"product_tag":[6834],"class_list":{"0":"post-502864","1":"product","2":"type-product","3":"status-publish","4":"has-post-thumbnail","6":"product_brand-milwaukee","7":"product_cat-macchinari","8":"product_cat-trapani-e-avvitatori","9":"product_cat-accessori-per-trapani-ed-avvitatori","10":"product_tag-imp-26-mw_update","11":"sws-gruppo-macchinari-fr","12":"sws-conto-ricavi-merci-rivendita-macchinari-fr","13":"sws-gruppo-iva-iva81-fr","15":"first","16":"instock","17":"sale","18":"shipping-taxable","19":"purchasable","20":"product-type-simple"},"_links":{"self":[{"href":"https:\/\/lucacastelli.com\/fr\/wp-json\/wp\/v2\/product\/502864","targetHints":{"allow":["GET"]}}],"collection":[{"href":"https:\/\/lucacastelli.com\/fr\/wp-json\/wp\/v2\/product"}],"about":[{"href":"https:\/\/lucacastelli.com\/fr\/wp-json\/wp\/v2\/types\/product"}],"wp:featuredmedia":[{"embeddable":true,"href":"https:\/\/lucacastelli.com\/fr\/wp-json\/wp\/v2\/media\/485011"}],"wp:attachment":[{"href":"https:\/\/lucacastelli.com\/fr\/wp-json\/wp\/v2\/media?parent=502864"}],"wp:term":[{"taxonomy":"product_brand","embeddable":true,"href":"https:\/\/lucacastelli.com\/fr\/wp-json\/wp\/v2\/product_brand?post=502864"},{"taxonomy":"product_cat","embeddable":true,"href":"https:\/\/lucacastelli.com\/fr\/wp-json\/wp\/v2\/product_cat?post=502864"},{"taxonomy":"product_tag","embeddable":true,"href":"https:\/\/lucacastelli.com\/fr\/wp-json\/wp\/v2\/product_tag?post=502864"}],"curies":[{"name":"wp","href":"https:\/\/api.w.org\/{rel}","templated":true}]}}