{"id":502851,"date":"2025-07-08T17:52:12","date_gmt":"2025-07-08T15:52:12","guid":{"rendered":"https:\/\/lucacastelli.com\/prodotto\/coupe-etains-milwaukee-10\/"},"modified":"2025-07-08T17:52:12","modified_gmt":"2025-07-08T15:52:12","slug":"coupe-etains-milwaukee-10","status":"publish","type":"product","link":"https:\/\/lucacastelli.com\/fr\/produit\/coupe-etains-milwaukee-10\/","title":{"rendered":"Coupe-\u00e9tains MILWAUKEE"},"content":{"rendered":"<p>Les coupe-bottes SHOCKWAVE\u2122 ont \u00e9t\u00e9 \u00e9tudi\u00e9s et con\u00e7us pour \u00eatre utilis\u00e9s sur des cl\u00e9s \u00e0 chocs. La tige hexagonale 1\/4 Zoll avec SHOCKZONE\u2122 permet une durabilit\u00e9 maximale et une casse pr\u00e9matur\u00e9e de la fixation ; Rev\u00eatement en aluminium et nitrure de titane pour une dur\u00e9e de vie jusqu\u2019\u00e0 5 fois plus longue ; Double rainure en spirale : optimis\u00e9e pour les cl\u00e9s \u00e0 chocs ; RAPID STRIKE TIP\u2122 :p graisse de centrage pour un meilleur centrage, sans qu\u2019il soit n\u00e9cessaire de faire le pr\u00e9-trou ; Diam\u00e8tres grav\u00e9s au laser pour une meilleure visibilit\u00e9 m\u00eame \u00e0 long terme <\/p>\n","protected":false},"excerpt":{"rendered":"<p>Les coupe-bottes SHOCKWAVE\u2122 ont \u00e9t\u00e9 \u00e9tudi\u00e9s et con\u00e7us pour \u00eatre utilis\u00e9s sur des cl\u00e9s \u00e0 chocs. La tige hexagonale 1\/4<\/p>\n","protected":false},"featured_media":485021,"template":"","meta":{"_seopress_robots_primary_cat":"","_seopress_titles_title":"","_seopress_titles_desc":"","_seopress_robots_index":""},"product_brand":[3407],"product_cat":[29,549,550],"product_tag":[3270],"class_list":{"0":"post-502851","1":"product","2":"type-product","3":"status-publish","4":"has-post-thumbnail","6":"product_brand-milwaukee","7":"product_cat-macchinari","8":"product_cat-trapani-e-avvitatori","9":"product_cat-accessori-per-trapani-ed-avvitatori","10":"product_tag-import-milwau","11":"sws-gruppo-macchinari-fr","12":"sws-conto-ricavi-merci-rivendita-macchinari-fr","13":"sws-gruppo-iva-iva81-fr","15":"first","16":"instock","17":"sale","18":"shipping-taxable","19":"purchasable","20":"product-type-simple"},"_links":{"self":[{"href":"https:\/\/lucacastelli.com\/fr\/wp-json\/wp\/v2\/product\/502851","targetHints":{"allow":["GET"]}}],"collection":[{"href":"https:\/\/lucacastelli.com\/fr\/wp-json\/wp\/v2\/product"}],"about":[{"href":"https:\/\/lucacastelli.com\/fr\/wp-json\/wp\/v2\/types\/product"}],"wp:featuredmedia":[{"embeddable":true,"href":"https:\/\/lucacastelli.com\/fr\/wp-json\/wp\/v2\/media\/485021"}],"wp:attachment":[{"href":"https:\/\/lucacastelli.com\/fr\/wp-json\/wp\/v2\/media?parent=502851"}],"wp:term":[{"taxonomy":"product_brand","embeddable":true,"href":"https:\/\/lucacastelli.com\/fr\/wp-json\/wp\/v2\/product_brand?post=502851"},{"taxonomy":"product_cat","embeddable":true,"href":"https:\/\/lucacastelli.com\/fr\/wp-json\/wp\/v2\/product_cat?post=502851"},{"taxonomy":"product_tag","embeddable":true,"href":"https:\/\/lucacastelli.com\/fr\/wp-json\/wp\/v2\/product_tag?post=502851"}],"curies":[{"name":"wp","href":"https:\/\/api.w.org\/{rel}","templated":true}]}}