{"id":502819,"date":"2025-07-08T17:52:00","date_gmt":"2025-07-08T15:52:00","guid":{"rendered":"https:\/\/lucacastelli.com\/prodotto\/milwaukee-ensemble-coupe-etain-et-foret-a-fer\/"},"modified":"2025-07-08T17:52:00","modified_gmt":"2025-07-08T15:52:00","slug":"milwaukee-ensemble-coupe-etain-et-foret-a-fer","status":"publish","type":"product","link":"https:\/\/lucacastelli.com\/fr\/produit\/milwaukee-ensemble-coupe-etain-et-foret-a-fer\/","title":{"rendered":"MILWAUKEE Ensemble coupe-\u00e9tain et foret \u00e0 fer"},"content":{"rendered":"<p>Les forets \u00e9tag\u00e9s sont id\u00e9aux pour percer les mat\u00e9riaux suivants : &#8211; t\u00f4les, profil\u00e9s et tuyaux en alliage et non alli\u00e9s&nbsp;;- Cuivre, laiton et aluminium&nbsp;;- Acier inoxydable&nbsp;;- Plastique&nbsp;;- \u00c9paisseur maximale du mat\u00e9riau 4 mm&nbsp;;- Pour augmenter la r\u00e9sistance, il est recommand\u00e9 d\u2019utiliser des agents r\u00e9frig\u00e9rants&nbsp;; Occupations : -\u00c9lectricien : Per\u00e7age de plaques et d\u2019armoires \u00e9lectriques pour les installations de c\u00e2bles ;- M\u00e9canique des syst\u00e8mes pour la technologie sanitaire, le chauffage et la climatisation : Trous d\u2019acc\u00e8s pour tuyaux et c\u00e2bles ;- M\u00e9tallurgistes : Per\u00e7age de diff\u00e9rents diam\u00e8tres et agrandissement de trous ;- Industrie automobile : Trous pour installations de c\u00e2bles (t\u00e9l\u00e9phones portables, antennes, pose de c\u00e2bles) ;- Maintenance : diff\u00e9rentes applications, tailles et agrandissements de trous de forage ; Avantages des forets \u00e9tag\u00e9s par rapport aux forets conventionnels : &#8211; Un foret pour diff\u00e9rents diam\u00e8tres ;- Solution optimale pour agrandir les trous de forage ;- R\u00e9sistance \u00e0 la rupture sup\u00e9rieure \u00e0 celle des forets \u00e0 m\u00e9taux ;- Centrage facile ;- Trous plus propres et sans bavures ; Pas de fragments dans le per\u00e7age en plastique&nbsp;; Poin\u00e7onnage, per\u00e7age et \u00e9bavurage en une seule \u00e9tape ; M\u00e8che \u00e0 percussion rapide pour un centrage facile&nbsp;; Pas d\u2019oscillation SodDrill et progression rapide du forage, pas de pr\u00e9-per\u00e7age&nbsp;; La g\u00e9om\u00e9trie du foret vous permet d\u2019\u00eatre extr\u00eamement pr\u00e9cis dans le per\u00e7age sans laisser de bavures et en \u00e9vitant les sauts qui pourraient ruiner la mati\u00e8re ; R\u00e9duction du risque d\u2019endommager ou de d\u00e9former le mat\u00e9riau \u00e0 percer en cas de r\u00e9gime \u00e9lev\u00e9 ; G\u00e9om\u00e9trie optimis\u00e9e \u00e0 2 cannelures avec un bord tr\u00e8s tranchant qui permet une avance de per\u00e7age 2 fois plus rapide&nbsp;; Fabriqu\u00e9 \u00e0 partir d\u2019acier con\u00e7u sur mesure avec un rev\u00eatement en obsidienne noire pour une dur\u00e9e de vie jusqu\u2019\u00e0 4 fois plus longue&nbsp;; Optimis\u00e9 pour une utilisation avec des outils sans fil&nbsp;; Marquage du diam\u00e8tre laser pour une longue lisibilit\u00e9<\/p>\n","protected":false},"excerpt":{"rendered":"<p>Les forets \u00e9tag\u00e9s sont id\u00e9aux pour percer les mat\u00e9riaux suivants : &#8211; t\u00f4les, profil\u00e9s et tuyaux en alliage et non<\/p>\n","protected":false},"featured_media":485096,"template":"","meta":{"_seopress_robots_primary_cat":"","_seopress_titles_title":"","_seopress_titles_desc":"","_seopress_robots_index":""},"product_brand":[3407],"product_cat":[29,549,550],"product_tag":[3270],"class_list":{"0":"post-502819","1":"product","2":"type-product","3":"status-publish","4":"has-post-thumbnail","6":"product_brand-milwaukee","7":"product_cat-macchinari","8":"product_cat-trapani-e-avvitatori","9":"product_cat-accessori-per-trapani-ed-avvitatori","10":"product_tag-import-milwau","11":"sws-gruppo-macchinari-fr","12":"sws-conto-ricavi-merci-rivendita-macchinari-fr","13":"sws-gruppo-iva-iva81-fr","15":"first","16":"instock","17":"sale","18":"shipping-taxable","19":"purchasable","20":"product-type-simple"},"_links":{"self":[{"href":"https:\/\/lucacastelli.com\/fr\/wp-json\/wp\/v2\/product\/502819","targetHints":{"allow":["GET"]}}],"collection":[{"href":"https:\/\/lucacastelli.com\/fr\/wp-json\/wp\/v2\/product"}],"about":[{"href":"https:\/\/lucacastelli.com\/fr\/wp-json\/wp\/v2\/types\/product"}],"wp:featuredmedia":[{"embeddable":true,"href":"https:\/\/lucacastelli.com\/fr\/wp-json\/wp\/v2\/media\/485096"}],"wp:attachment":[{"href":"https:\/\/lucacastelli.com\/fr\/wp-json\/wp\/v2\/media?parent=502819"}],"wp:term":[{"taxonomy":"product_brand","embeddable":true,"href":"https:\/\/lucacastelli.com\/fr\/wp-json\/wp\/v2\/product_brand?post=502819"},{"taxonomy":"product_cat","embeddable":true,"href":"https:\/\/lucacastelli.com\/fr\/wp-json\/wp\/v2\/product_cat?post=502819"},{"taxonomy":"product_tag","embeddable":true,"href":"https:\/\/lucacastelli.com\/fr\/wp-json\/wp\/v2\/product_tag?post=502819"}],"curies":[{"name":"wp","href":"https:\/\/api.w.org\/{rel}","templated":true}]}}