{"id":502805,"date":"2025-07-08T17:51:56","date_gmt":"2025-07-08T15:51:56","guid":{"rendered":"https:\/\/lucacastelli.com\/prodotto\/milwaukee-coupe-etain-cobalt\/"},"modified":"2025-07-08T17:51:56","modified_gmt":"2025-07-08T15:51:56","slug":"milwaukee-coupe-etain-cobalt","status":"publish","type":"product","link":"https:\/\/lucacastelli.com\/fr\/produit\/milwaukee-coupe-etain-cobalt\/","title":{"rendered":"MILWAUKEE Coupe-\u00e9tain Cobalt"},"content":{"rendered":"<p>Nouveau rev\u00eatement en nitrure d\u2019aluminium et de chrome (AlCrN) pour une dur\u00e9e de vie 10 fois plus longue que la coupeuse \u00e9tag\u00e9e, MILWAUKEE\u00ae standard ; Id\u00e9al pour l\u2019acier et l\u2019acier inoxydable&nbsp;; RAPID STRIKE TIP\u2122 :p graisse de centrage pour un meilleur centrage, sans qu\u2019il soit n\u00e9cessaire de faire le pr\u00e9-trou ; G\u00e9om\u00e9trie sp\u00e9ciale de la fraise et de l\u2019\u00e9tag\u00e8re pour des performances sans bourrage : r\u00e9duit le risque m\u00e9canique et emp\u00eache \u00e9galement la d\u00e9formation du mat\u00e9riau lors du pr\u00e9-per\u00e7age ; G\u00e9om\u00e9trie optimis\u00e9e \u00e0 2 cannelures avec une ar\u00eate tr\u00e8s tranchante qui la rend jusqu\u2019\u00e0 2 fois plus rapide ; Tige sur 3 c\u00f4t\u00e9s pour un maintien maximal de la tige sur l\u2019axe afin d\u2019assurer une transmission de couple maximale ; Diam\u00e8tres grav\u00e9s au laser pour une meilleure visibilit\u00e9 m\u00eame \u00e0 long terme<\/p>\n","protected":false},"excerpt":{"rendered":"<p>Nouveau rev\u00eatement en nitrure d\u2019aluminium et de chrome (AlCrN) pour une dur\u00e9e de vie 10 fois plus longue que la<\/p>\n","protected":false},"featured_media":485124,"template":"","meta":{"_seopress_robots_primary_cat":"","_seopress_titles_title":"","_seopress_titles_desc":"","_seopress_robots_index":""},"product_brand":[3658],"product_cat":[1555,167,1552],"product_tag":[3273],"class_list":{"0":"post-502805","1":"product","2":"type-product","3":"status-publish","4":"has-post-thumbnail","6":"product_brand-milwaukee-fr","7":"product_cat-accessoires-pour-perceuses-et-tournevis","8":"product_cat-machines","9":"product_cat-perceuses-et-tournevis","10":"product_tag-import-milwau-fr","11":"sws-gruppo-macchinari-fr","12":"sws-conto-ricavi-merci-rivendita-macchinari-fr","13":"sws-gruppo-iva-iva81-fr","15":"first","16":"instock","17":"sale","18":"shipping-taxable","19":"purchasable","20":"product-type-simple"},"_links":{"self":[{"href":"https:\/\/lucacastelli.com\/fr\/wp-json\/wp\/v2\/product\/502805","targetHints":{"allow":["GET"]}}],"collection":[{"href":"https:\/\/lucacastelli.com\/fr\/wp-json\/wp\/v2\/product"}],"about":[{"href":"https:\/\/lucacastelli.com\/fr\/wp-json\/wp\/v2\/types\/product"}],"wp:featuredmedia":[{"embeddable":true,"href":"https:\/\/lucacastelli.com\/fr\/wp-json\/wp\/v2\/media\/485124"}],"wp:attachment":[{"href":"https:\/\/lucacastelli.com\/fr\/wp-json\/wp\/v2\/media?parent=502805"}],"wp:term":[{"taxonomy":"product_brand","embeddable":true,"href":"https:\/\/lucacastelli.com\/fr\/wp-json\/wp\/v2\/product_brand?post=502805"},{"taxonomy":"product_cat","embeddable":true,"href":"https:\/\/lucacastelli.com\/fr\/wp-json\/wp\/v2\/product_cat?post=502805"},{"taxonomy":"product_tag","embeddable":true,"href":"https:\/\/lucacastelli.com\/fr\/wp-json\/wp\/v2\/product_tag?post=502805"}],"curies":[{"name":"wp","href":"https:\/\/api.w.org\/{rel}","templated":true}]}}