{"id":502800,"date":"2025-07-08T17:51:53","date_gmt":"2025-07-08T15:51:53","guid":{"rendered":"https:\/\/lucacastelli.com\/prodotto\/milwaukee-ensemble-de-coupe-etain\/"},"modified":"2025-07-08T17:51:53","modified_gmt":"2025-07-08T15:51:53","slug":"milwaukee-ensemble-de-coupe-etain","status":"publish","type":"product","link":"https:\/\/lucacastelli.com\/fr\/produit\/milwaukee-ensemble-de-coupe-etain\/","title":{"rendered":"MILWAUKEE Ensemble de coupe-\u00e9tain"},"content":{"rendered":"<p>Les forets \u00e9tag\u00e9s sont id\u00e9aux pour percer les mat\u00e9riaux suivants : &#8211; T\u00f4les ferreuses et non ferreuses, profil\u00e9s et tuyaux. &#8211; Cuivre, laiton et aluminium. -Inox. -Plastique. &#8211; L\u2019\u00e9paisseur maximale du mat\u00e9riau est de 4 mm. &#8211; Pour assurer la meilleure dur\u00e9e de vie, nous recommandons l\u2019utilisation d\u2019un liquide de refroidissement\/lubrifiant ; \u00c9lectriciens : per\u00e7age de panneaux et de bo\u00eetes pour l\u2019installation de presse-\u00e9toupes. &#8211; Plomberie\/CVC : Trous d\u2019acc\u00e8s pour la tuyauterie et les installations. &#8211; Charpentiers m\u00e9talliques : diff\u00e9rentes tailles et agrandissement des trous. &#8211; Automobile : trous pour l\u2019installation de c\u00e2bles (t\u00e9l\u00e9phones portables, antennes, r\u00e9acheminement de c\u00e2bles \u00e9lectriques). &#8211; Techniciens de maintenance : applications diverses avec diff\u00e9rents diam\u00e8tres et agrandissement des trous ; Les plus grands avantages par rapport au per\u00e7age avec des forets conventionnels sont les suivants : Plusieurs tailles peuvent \u00eatre perc\u00e9es avec une seule fraise &#8211; Id\u00e9al pour agrandir les trous existants. &#8211; Plus durable que les forets h\u00e9lico\u00efdaux. &#8211; Plus pr\u00e9cis. &#8211; Trous plus propres. &#8211; Per\u00e7age dans diff\u00e9rents types de plastique en \u00e9vitant la casse ; Avantages sociaux de Milwaukee&nbsp;; Recourber la surface, percer et enlever les bavures en un seul geste ; Foret de centrage pour un meilleur centrage, sans qu\u2019il soit n\u00e9cessaire de faire le pr\u00e9-trou&nbsp;; La g\u00e9om\u00e9trie du foret vous permet d\u2019\u00eatre extr\u00eamement pr\u00e9cis dans le per\u00e7age sans laisser de bavures et en \u00e9vitant les sauts qui pourraient ruiner la mati\u00e8re ; G\u00e9om\u00e9trie optimis\u00e9e \u00e0 2 cannelures avec une ar\u00eate tr\u00e8s tranchante qui la rend jusqu\u2019\u00e0 2 fois plus rapide ; Produit en acier con\u00e7u sur mesure avec rev\u00eatement en obsidienne noire pour une dur\u00e9e de vie plus longue, jusqu\u2019\u00e0 4 fois plus longue que les coupe-\u00e9tag\u00e9es classiques&nbsp;; Optimis\u00e9 pour une utilisation avec des vitesses \u00e9lev\u00e9es d\u2019outils sans fil ; Diam\u00e8tres grav\u00e9s au laser pour une meilleure visibilit\u00e9 m\u00eame \u00e0 long terme ; \u00c9limine automatiquement les taches&nbsp;; Maintien maximal de la tige sur l\u2019axe pour assurer une transmission maximale du couple            <\/p>\n","protected":false},"excerpt":{"rendered":"<p>Les forets \u00e9tag\u00e9s sont id\u00e9aux pour percer les mat\u00e9riaux suivants : &#8211; T\u00f4les ferreuses et non ferreuses, profil\u00e9s et tuyaux.<\/p>\n","protected":false},"featured_media":485129,"template":"","meta":{"_seopress_robots_primary_cat":"","_seopress_titles_title":"","_seopress_titles_desc":"","_seopress_robots_index":""},"product_brand":[3658],"product_cat":[1555,167,1552],"product_tag":[3273],"class_list":{"0":"post-502800","1":"product","2":"type-product","3":"status-publish","4":"has-post-thumbnail","6":"product_brand-milwaukee-fr","7":"product_cat-accessoires-pour-perceuses-et-tournevis","8":"product_cat-machines","9":"product_cat-perceuses-et-tournevis","10":"product_tag-import-milwau-fr","11":"sws-gruppo-macchinari-fr","12":"sws-conto-ricavi-merci-rivendita-macchinari-fr","13":"sws-gruppo-iva-iva81-fr","15":"first","16":"instock","17":"sale","18":"shipping-taxable","19":"purchasable","20":"product-type-simple"},"_links":{"self":[{"href":"https:\/\/lucacastelli.com\/fr\/wp-json\/wp\/v2\/product\/502800","targetHints":{"allow":["GET"]}}],"collection":[{"href":"https:\/\/lucacastelli.com\/fr\/wp-json\/wp\/v2\/product"}],"about":[{"href":"https:\/\/lucacastelli.com\/fr\/wp-json\/wp\/v2\/types\/product"}],"wp:featuredmedia":[{"embeddable":true,"href":"https:\/\/lucacastelli.com\/fr\/wp-json\/wp\/v2\/media\/485129"}],"wp:attachment":[{"href":"https:\/\/lucacastelli.com\/fr\/wp-json\/wp\/v2\/media?parent=502800"}],"wp:term":[{"taxonomy":"product_brand","embeddable":true,"href":"https:\/\/lucacastelli.com\/fr\/wp-json\/wp\/v2\/product_brand?post=502800"},{"taxonomy":"product_cat","embeddable":true,"href":"https:\/\/lucacastelli.com\/fr\/wp-json\/wp\/v2\/product_cat?post=502800"},{"taxonomy":"product_tag","embeddable":true,"href":"https:\/\/lucacastelli.com\/fr\/wp-json\/wp\/v2\/product_tag?post=502800"}],"curies":[{"name":"wp","href":"https:\/\/api.w.org\/{rel}","templated":true}]}}