{"id":502763,"date":"2025-07-08T17:19:33","date_gmt":"2025-07-08T15:19:33","guid":{"rendered":"https:\/\/lucacastelli.com\/prodotto\/milwaukee-foret-pilote-pour-plateaux\/"},"modified":"2025-07-08T17:19:33","modified_gmt":"2025-07-08T15:19:33","slug":"milwaukee-foret-pilote-pour-plateaux","status":"publish","type":"product","link":"https:\/\/lucacastelli.com\/fr\/produit\/milwaukee-foret-pilote-pour-plateaux\/","title":{"rendered":"MILWAUKEE Foret pilote pour plateaux"},"content":{"rendered":"<p>Syst\u00e8me extr\u00eamement flexible qui permet diff\u00e9rentes combinaisons de longueurs et de diam\u00e8tres. Pour couronnes et tunnels. Un maximum de 3 rallonges est recommand\u00e9 ; Rentabilit\u00e9. Plus de polyvalence signifie moins d\u2019embouts = moins de poids dans le sac de l\u2019utilisateur ; Peut \u00eatre utilis\u00e9 sur des marteaux jusqu\u2019\u00e0 8 kg ; Forets \u00e0 tunnel (fournis avec goupille filet\u00e9e) ; Non utilisable dans le b\u00e9ton arm\u00e9   <\/p>\n","protected":false},"excerpt":{"rendered":"<p>Syst\u00e8me extr\u00eamement flexible qui permet diff\u00e9rentes combinaisons de longueurs et de diam\u00e8tres. Pour couronnes et tunnels. Un maximum de 3<\/p>\n","protected":false},"featured_media":485856,"template":"","meta":{"_seopress_robots_primary_cat":"","_seopress_titles_title":"","_seopress_titles_desc":"","_seopress_robots_index":""},"product_brand":[3407],"product_cat":[29,549,550],"product_tag":[3270],"class_list":{"0":"post-502763","1":"product","2":"type-product","3":"status-publish","4":"has-post-thumbnail","6":"product_brand-milwaukee","7":"product_cat-macchinari","8":"product_cat-trapani-e-avvitatori","9":"product_cat-accessori-per-trapani-ed-avvitatori","10":"product_tag-import-milwau","11":"sws-gruppo-macchinari-fr","12":"sws-conto-ricavi-merci-rivendita-macchinari-fr","13":"sws-gruppo-iva-iva81-fr","15":"first","16":"instock","17":"sale","18":"shipping-taxable","19":"purchasable","20":"product-type-simple"},"_links":{"self":[{"href":"https:\/\/lucacastelli.com\/fr\/wp-json\/wp\/v2\/product\/502763","targetHints":{"allow":["GET"]}}],"collection":[{"href":"https:\/\/lucacastelli.com\/fr\/wp-json\/wp\/v2\/product"}],"about":[{"href":"https:\/\/lucacastelli.com\/fr\/wp-json\/wp\/v2\/types\/product"}],"wp:featuredmedia":[{"embeddable":true,"href":"https:\/\/lucacastelli.com\/fr\/wp-json\/wp\/v2\/media\/485856"}],"wp:attachment":[{"href":"https:\/\/lucacastelli.com\/fr\/wp-json\/wp\/v2\/media?parent=502763"}],"wp:term":[{"taxonomy":"product_brand","embeddable":true,"href":"https:\/\/lucacastelli.com\/fr\/wp-json\/wp\/v2\/product_brand?post=502763"},{"taxonomy":"product_cat","embeddable":true,"href":"https:\/\/lucacastelli.com\/fr\/wp-json\/wp\/v2\/product_cat?post=502763"},{"taxonomy":"product_tag","embeddable":true,"href":"https:\/\/lucacastelli.com\/fr\/wp-json\/wp\/v2\/product_tag?post=502763"}],"curies":[{"name":"wp","href":"https:\/\/api.w.org\/{rel}","templated":true}]}}