{"id":502757,"date":"2025-07-08T17:19:32","date_gmt":"2025-07-08T15:19:32","guid":{"rendered":"https:\/\/lucacastelli.com\/prodotto\/milwaukee-rack-axe-3\/"},"modified":"2025-07-08T17:19:32","modified_gmt":"2025-07-08T15:19:32","slug":"milwaukee-rack-axe-3","status":"publish","type":"product","link":"https:\/\/lucacastelli.com\/fr\/produit\/milwaukee-rack-axe-3\/","title":{"rendered":"MILWAUKEE Rack Axe"},"content":{"rendered":"<p>Mandrin crant\u00e9 avec filetage 1\/2 x 20 pour le logement de forets cylindriques de 1,5 \u00e0 13 mm ; le mandrin avec carter Weldon est livr\u00e9 avec une vis de s\u00e9curit\u00e9<\/p>\n","protected":false},"excerpt":{"rendered":"<p>Mandrin crant\u00e9 avec filetage 1\/2 x 20 pour le logement de forets cylindriques de 1,5 \u00e0 13 mm ; le<\/p>\n","protected":false},"featured_media":485901,"template":"","meta":{"_seopress_robots_primary_cat":"","_seopress_titles_title":"","_seopress_titles_desc":"","_seopress_robots_index":""},"product_brand":[3658],"product_cat":[1555,167,1552],"product_tag":[3273],"class_list":{"0":"post-502757","1":"product","2":"type-product","3":"status-publish","4":"has-post-thumbnail","6":"product_brand-milwaukee-fr","7":"product_cat-accessoires-pour-perceuses-et-tournevis","8":"product_cat-machines","9":"product_cat-perceuses-et-tournevis","10":"product_tag-import-milwau-fr","11":"sws-gruppo-macchinari-fr","12":"sws-conto-ricavi-merci-rivendita-macchinari-fr","13":"sws-gruppo-iva-iva81-fr","15":"first","16":"instock","17":"sale","18":"shipping-taxable","19":"purchasable","20":"product-type-simple"},"_links":{"self":[{"href":"https:\/\/lucacastelli.com\/fr\/wp-json\/wp\/v2\/product\/502757","targetHints":{"allow":["GET"]}}],"collection":[{"href":"https:\/\/lucacastelli.com\/fr\/wp-json\/wp\/v2\/product"}],"about":[{"href":"https:\/\/lucacastelli.com\/fr\/wp-json\/wp\/v2\/types\/product"}],"wp:featuredmedia":[{"embeddable":true,"href":"https:\/\/lucacastelli.com\/fr\/wp-json\/wp\/v2\/media\/485901"}],"wp:attachment":[{"href":"https:\/\/lucacastelli.com\/fr\/wp-json\/wp\/v2\/media?parent=502757"}],"wp:term":[{"taxonomy":"product_brand","embeddable":true,"href":"https:\/\/lucacastelli.com\/fr\/wp-json\/wp\/v2\/product_brand?post=502757"},{"taxonomy":"product_cat","embeddable":true,"href":"https:\/\/lucacastelli.com\/fr\/wp-json\/wp\/v2\/product_cat?post=502757"},{"taxonomy":"product_tag","embeddable":true,"href":"https:\/\/lucacastelli.com\/fr\/wp-json\/wp\/v2\/product_tag?post=502757"}],"curies":[{"name":"wp","href":"https:\/\/api.w.org\/{rel}","templated":true}]}}