{"id":502646,"date":"2025-07-07T13:22:11","date_gmt":"2025-07-07T11:22:11","guid":{"rendered":"https:\/\/lucacastelli.com\/prodotto\/lame-de-scie-sauteuse-milwaukee-14\/"},"modified":"2025-07-07T13:22:11","modified_gmt":"2025-07-07T11:22:11","slug":"lame-de-scie-sauteuse-milwaukee-14","status":"publish","type":"product","link":"https:\/\/lucacastelli.com\/fr\/produit\/lame-de-scie-sauteuse-milwaukee-14\/","title":{"rendered":"Lame de scie sauteuse MILWAUKEE"},"content":{"rendered":"<p>Dents ondul\u00e9es frais\u00e9es id\u00e9ales pour couper des t\u00f4les ; convient \u00e0 toutes les scies sauteuses \u00e0 queue en T<\/p>\n","protected":false},"excerpt":{"rendered":"<p>Dents ondul\u00e9es frais\u00e9es id\u00e9ales pour couper des t\u00f4les ; convient \u00e0 toutes les scies sauteuses \u00e0 queue en T<\/p>\n","protected":false},"featured_media":486226,"template":"","meta":{"_seopress_robots_primary_cat":"","_seopress_titles_title":"","_seopress_titles_desc":"","_seopress_robots_index":""},"product_brand":[3407],"product_cat":[29,514,558],"product_tag":[3270],"class_list":{"0":"post-502646","1":"product","2":"type-product","3":"status-publish","4":"has-post-thumbnail","6":"product_brand-milwaukee","7":"product_cat-macchinari","8":"product_cat-altri-dispositivi","9":"product_cat-seghe-accessori-vari","10":"product_tag-import-milwau","11":"sws-gruppo-macchinari-fr","12":"sws-conto-ricavi-merci-rivendita-macchinari-fr","13":"sws-gruppo-iva-iva81-fr","15":"first","16":"instock","17":"sale","18":"shipping-taxable","19":"purchasable","20":"product-type-simple"},"_links":{"self":[{"href":"https:\/\/lucacastelli.com\/fr\/wp-json\/wp\/v2\/product\/502646","targetHints":{"allow":["GET"]}}],"collection":[{"href":"https:\/\/lucacastelli.com\/fr\/wp-json\/wp\/v2\/product"}],"about":[{"href":"https:\/\/lucacastelli.com\/fr\/wp-json\/wp\/v2\/types\/product"}],"wp:featuredmedia":[{"embeddable":true,"href":"https:\/\/lucacastelli.com\/fr\/wp-json\/wp\/v2\/media\/486226"}],"wp:attachment":[{"href":"https:\/\/lucacastelli.com\/fr\/wp-json\/wp\/v2\/media?parent=502646"}],"wp:term":[{"taxonomy":"product_brand","embeddable":true,"href":"https:\/\/lucacastelli.com\/fr\/wp-json\/wp\/v2\/product_brand?post=502646"},{"taxonomy":"product_cat","embeddable":true,"href":"https:\/\/lucacastelli.com\/fr\/wp-json\/wp\/v2\/product_cat?post=502646"},{"taxonomy":"product_tag","embeddable":true,"href":"https:\/\/lucacastelli.com\/fr\/wp-json\/wp\/v2\/product_tag?post=502646"}],"curies":[{"name":"wp","href":"https:\/\/api.w.org\/{rel}","templated":true}]}}