{"id":502643,"date":"2025-07-09T09:13:15","date_gmt":"2025-07-09T07:13:15","guid":{"rendered":"https:\/\/lucacastelli.com\/prodotto\/milwaukee-lame-de-scie-droite-102\/"},"modified":"2026-04-16T02:18:11","modified_gmt":"2026-04-16T00:18:11","slug":"milwaukee-lame-de-scie-droite-102","status":"publish","type":"product","link":"https:\/\/lucacastelli.com\/fr\/produit\/milwaukee-lame-de-scie-droite-102\/","title":{"rendered":"MILWAUKEE Lame pour scie sabre"},"content":{"rendered":"<p>LAME SD Long. mm\/Pas 150\/4,2 HCS 3 pcs<br \/>\nConvient pour les coupes plongeantes et les d\u00e9coupes dans : tubes en plastique, bois ; 3 fois plus aff\u00fbt\u00e9e pour une vitesse accrue et des coupes plus pr\u00e9cises ; Les dents sont renforc\u00e9es et trois fois plus aff\u00fbt\u00e9es pour une coupe ultra-nette ; La lame de 1,6 mm d\u2019\u00e9paisseur r\u00e9siste aux pliages et r\u00e9duit les vibrations <\/p>\n<p>Bois et plastique.<br \/>\n045242079827<\/p>\n","protected":false},"excerpt":{"rendered":"<p>LAME SD Long. mm\/Pas 150\/4,2 HCS 3 pcs Convient pour les coupes plongeantes et les d\u00e9coupes dans : tubes en<\/p>\n","protected":false},"featured_media":431748,"template":"","meta":{"_seopress_robots_primary_cat":"","_seopress_titles_title":"","_seopress_titles_desc":"","_seopress_robots_index":""},"product_brand":[3407],"product_cat":[29,558],"product_tag":[6834],"class_list":{"0":"post-502643","1":"product","2":"type-product","3":"status-publish","4":"has-post-thumbnail","6":"product_brand-milwaukee","7":"product_cat-macchinari","8":"product_cat-seghe-accessori-vari","9":"product_tag-imp-26-mw_update","10":"sws-gruppo-macchinari-fr","11":"sws-conto-ricavi-merci-rivendita-macchinari-fr","12":"sws-gruppo-iva-iva81-fr","14":"first","15":"instock","16":"sale","17":"shipping-taxable","18":"purchasable","19":"product-type-simple"},"_links":{"self":[{"href":"https:\/\/lucacastelli.com\/fr\/wp-json\/wp\/v2\/product\/502643","targetHints":{"allow":["GET"]}}],"collection":[{"href":"https:\/\/lucacastelli.com\/fr\/wp-json\/wp\/v2\/product"}],"about":[{"href":"https:\/\/lucacastelli.com\/fr\/wp-json\/wp\/v2\/types\/product"}],"wp:featuredmedia":[{"embeddable":true,"href":"https:\/\/lucacastelli.com\/fr\/wp-json\/wp\/v2\/media\/431748"}],"wp:attachment":[{"href":"https:\/\/lucacastelli.com\/fr\/wp-json\/wp\/v2\/media?parent=502643"}],"wp:term":[{"taxonomy":"product_brand","embeddable":true,"href":"https:\/\/lucacastelli.com\/fr\/wp-json\/wp\/v2\/product_brand?post=502643"},{"taxonomy":"product_cat","embeddable":true,"href":"https:\/\/lucacastelli.com\/fr\/wp-json\/wp\/v2\/product_cat?post=502643"},{"taxonomy":"product_tag","embeddable":true,"href":"https:\/\/lucacastelli.com\/fr\/wp-json\/wp\/v2\/product_tag?post=502643"}],"curies":[{"name":"wp","href":"https:\/\/api.w.org\/{rel}","templated":true}]}}