{"id":502639,"date":"2025-07-09T09:13:16","date_gmt":"2025-07-09T07:13:16","guid":{"rendered":"https:\/\/lucacastelli.com\/prodotto\/milwaukee-scie-a-archet-2\/"},"modified":"2025-07-09T09:13:16","modified_gmt":"2025-07-09T07:13:16","slug":"milwaukee-scie-a-archet-2","status":"publish","type":"product","link":"https:\/\/lucacastelli.com\/fr\/produit\/milwaukee-scie-a-archet-2\/","title":{"rendered":"MILWAUKEE Scie \u00e0 archet"},"content":{"rendered":"<p>Construction en carbure pour supporter des tensions de lame \u00e9lev\u00e9es (25 000 psi \/ 250 lb)&nbsp;; Poign\u00e9e caoutchout\u00e9e pour un meilleur confort d\u2019utilisation et une plus grande s\u00e9curit\u00e9 ; Compartiment porte-lame pour ranger les lames de rechange ; Livr\u00e9 avec une lame de 12\/24 pouce<\/p>\n","protected":false},"excerpt":{"rendered":"<p>Construction en carbure pour supporter des tensions de lame \u00e9lev\u00e9es (25 000 psi \/ 250 lb)&nbsp;; Poign\u00e9e caoutchout\u00e9e pour un<\/p>\n","protected":false},"featured_media":432848,"template":"","meta":{"_seopress_robots_primary_cat":"","_seopress_titles_title":"","_seopress_titles_desc":"","_seopress_robots_index":""},"product_brand":[3658],"product_cat":[167,1534],"product_tag":[3273],"class_list":{"0":"post-502639","1":"product","2":"type-product","3":"status-publish","4":"has-post-thumbnail","6":"product_brand-milwaukee-fr","7":"product_cat-machines","8":"product_cat-scies","9":"product_tag-import-milwau-fr","10":"sws-gruppo-macchinari-fr","11":"sws-conto-ricavi-merci-rivendita-macchinari-fr","12":"sws-gruppo-iva-iva81-fr","14":"first","15":"instock","16":"sale","17":"shipping-taxable","18":"purchasable","19":"product-type-simple"},"_links":{"self":[{"href":"https:\/\/lucacastelli.com\/fr\/wp-json\/wp\/v2\/product\/502639","targetHints":{"allow":["GET"]}}],"collection":[{"href":"https:\/\/lucacastelli.com\/fr\/wp-json\/wp\/v2\/product"}],"about":[{"href":"https:\/\/lucacastelli.com\/fr\/wp-json\/wp\/v2\/types\/product"}],"wp:featuredmedia":[{"embeddable":true,"href":"https:\/\/lucacastelli.com\/fr\/wp-json\/wp\/v2\/media\/432848"}],"wp:attachment":[{"href":"https:\/\/lucacastelli.com\/fr\/wp-json\/wp\/v2\/media?parent=502639"}],"wp:term":[{"taxonomy":"product_brand","embeddable":true,"href":"https:\/\/lucacastelli.com\/fr\/wp-json\/wp\/v2\/product_brand?post=502639"},{"taxonomy":"product_cat","embeddable":true,"href":"https:\/\/lucacastelli.com\/fr\/wp-json\/wp\/v2\/product_cat?post=502639"},{"taxonomy":"product_tag","embeddable":true,"href":"https:\/\/lucacastelli.com\/fr\/wp-json\/wp\/v2\/product_tag?post=502639"}],"curies":[{"name":"wp","href":"https:\/\/api.w.org\/{rel}","templated":true}]}}