{"id":502631,"date":"2025-07-09T09:13:13","date_gmt":"2025-07-09T07:13:13","guid":{"rendered":"https:\/\/lucacastelli.com\/prodotto\/milwaukee-lame-de-scie-droite-100\/"},"modified":"2025-07-09T09:13:13","modified_gmt":"2025-07-09T07:13:13","slug":"milwaukee-lame-de-scie-droite-100","status":"publish","type":"product","link":"https:\/\/lucacastelli.com\/fr\/produit\/milwaukee-lame-de-scie-droite-100\/","title":{"rendered":"MILWAUKEE Lame de scie droite"},"content":{"rendered":"<p>3x plus tranchant pour une vitesse plus rapide et des coupes plus pr\u00e9cises&nbsp;; Les dents sont renforc\u00e9es et triplement aff\u00fbt\u00e9es pour une coupe super nette ; La lame de 1,6 mm d\u2019\u00e9paisseur r\u00e9siste \u00e0 la flexion et r\u00e9duit les vibrations<\/p>\n","protected":false},"excerpt":{"rendered":"<p>3x plus tranchant pour une vitesse plus rapide et des coupes plus pr\u00e9cises&nbsp;; Les dents sont renforc\u00e9es et triplement aff\u00fbt\u00e9es<\/p>\n","protected":false},"featured_media":431758,"template":"","meta":{"_seopress_robots_primary_cat":"","_seopress_titles_title":"","_seopress_titles_desc":"","_seopress_robots_index":""},"product_brand":[3656],"product_cat":[169,1535],"product_tag":[6837],"class_list":{"0":"post-502631","1":"product","2":"type-product","3":"status-publish","4":"has-post-thumbnail","6":"product_brand-milwaukee-de","7":"product_cat-maschinen","8":"product_cat-sagen","9":"product_tag-imp-26-mw_update","10":"sws-gruppo-macchinari-fr","11":"sws-conto-ricavi-merci-rivendita-macchinari-fr","12":"sws-gruppo-iva-iva81-fr","14":"first","15":"instock","16":"sale","17":"shipping-taxable","18":"purchasable","19":"product-type-simple"},"_links":{"self":[{"href":"https:\/\/lucacastelli.com\/fr\/wp-json\/wp\/v2\/product\/502631","targetHints":{"allow":["GET"]}}],"collection":[{"href":"https:\/\/lucacastelli.com\/fr\/wp-json\/wp\/v2\/product"}],"about":[{"href":"https:\/\/lucacastelli.com\/fr\/wp-json\/wp\/v2\/types\/product"}],"wp:featuredmedia":[{"embeddable":true,"href":"https:\/\/lucacastelli.com\/fr\/wp-json\/wp\/v2\/media\/431758"}],"wp:attachment":[{"href":"https:\/\/lucacastelli.com\/fr\/wp-json\/wp\/v2\/media?parent=502631"}],"wp:term":[{"taxonomy":"product_brand","embeddable":true,"href":"https:\/\/lucacastelli.com\/fr\/wp-json\/wp\/v2\/product_brand?post=502631"},{"taxonomy":"product_cat","embeddable":true,"href":"https:\/\/lucacastelli.com\/fr\/wp-json\/wp\/v2\/product_cat?post=502631"},{"taxonomy":"product_tag","embeddable":true,"href":"https:\/\/lucacastelli.com\/fr\/wp-json\/wp\/v2\/product_tag?post=502631"}],"curies":[{"name":"wp","href":"https:\/\/api.w.org\/{rel}","templated":true}]}}