{"id":502607,"date":"2025-07-09T09:00:53","date_gmt":"2025-07-09T07:00:53","guid":{"rendered":"https:\/\/lucacastelli.com\/prodotto\/lame-de-scie-sauteuse-milwaukee-13\/"},"modified":"2025-07-09T09:00:53","modified_gmt":"2025-07-09T07:00:53","slug":"lame-de-scie-sauteuse-milwaukee-13","status":"publish","type":"product","link":"https:\/\/lucacastelli.com\/fr\/produit\/lame-de-scie-sauteuse-milwaukee-13\/","title":{"rendered":"Lame de scie sauteuse MILWAUKEE"},"content":{"rendered":"<p>Lame de scie sauteuse HM \u00e0 des fins sp\u00e9ciales, adapt\u00e9e \u00e0 la fibre de verre, \u00e0 la fonte et au PVC, adapt\u00e9e \u00e0 toutes les scies sauteuses avec bo\u00eetier \u00e0 tige en T<\/p>\n","protected":false},"excerpt":{"rendered":"<p>Lame de scie sauteuse HM \u00e0 des fins sp\u00e9ciales, adapt\u00e9e \u00e0 la fibre de verre, \u00e0 la fonte et au<\/p>\n","protected":false},"featured_media":485829,"template":"","meta":{"_seopress_robots_primary_cat":"","_seopress_titles_title":"","_seopress_titles_desc":"","_seopress_robots_index":""},"product_brand":[3407],"product_cat":[29,558],"product_tag":[3270],"class_list":{"0":"post-502607","1":"product","2":"type-product","3":"status-publish","4":"has-post-thumbnail","6":"product_brand-milwaukee","7":"product_cat-macchinari","8":"product_cat-seghe-accessori-vari","9":"product_tag-import-milwau","10":"sws-gruppo-macchinari-fr","11":"sws-conto-ricavi-merci-rivendita-macchinari-fr","12":"sws-gruppo-iva-iva81-fr","14":"first","15":"instock","16":"sale","17":"shipping-taxable","18":"purchasable","19":"product-type-simple"},"_links":{"self":[{"href":"https:\/\/lucacastelli.com\/fr\/wp-json\/wp\/v2\/product\/502607","targetHints":{"allow":["GET"]}}],"collection":[{"href":"https:\/\/lucacastelli.com\/fr\/wp-json\/wp\/v2\/product"}],"about":[{"href":"https:\/\/lucacastelli.com\/fr\/wp-json\/wp\/v2\/types\/product"}],"wp:featuredmedia":[{"embeddable":true,"href":"https:\/\/lucacastelli.com\/fr\/wp-json\/wp\/v2\/media\/485829"}],"wp:attachment":[{"href":"https:\/\/lucacastelli.com\/fr\/wp-json\/wp\/v2\/media?parent=502607"}],"wp:term":[{"taxonomy":"product_brand","embeddable":true,"href":"https:\/\/lucacastelli.com\/fr\/wp-json\/wp\/v2\/product_brand?post=502607"},{"taxonomy":"product_cat","embeddable":true,"href":"https:\/\/lucacastelli.com\/fr\/wp-json\/wp\/v2\/product_cat?post=502607"},{"taxonomy":"product_tag","embeddable":true,"href":"https:\/\/lucacastelli.com\/fr\/wp-json\/wp\/v2\/product_tag?post=502607"}],"curies":[{"name":"wp","href":"https:\/\/api.w.org\/{rel}","templated":true}]}}