{"id":502592,"date":"2025-07-09T09:00:46","date_gmt":"2025-07-09T07:00:46","guid":{"rendered":"https:\/\/lucacastelli.com\/prodotto\/lame-de-scie-sauteuse-milwaukee-8\/"},"modified":"2025-07-09T09:00:46","modified_gmt":"2025-07-09T07:00:46","slug":"lame-de-scie-sauteuse-milwaukee-8","status":"publish","type":"product","link":"https:\/\/lucacastelli.com\/fr\/produit\/lame-de-scie-sauteuse-milwaukee-8\/","title":{"rendered":"Lame de scie sauteuse MILWAUKEE"},"content":{"rendered":"<p>Toutes nos lames incurv\u00e9es sont dot\u00e9es d\u2019un corps de lame \u00e9troit pour une meilleure maniabilit\u00e9 ; Dents des deux c\u00f4t\u00e9s&nbsp;; Les dents \u00e0 l\u2019arri\u00e8re de la lame vous permettent de couper facilement des courbes serr\u00e9es ; Pour obtenir le meilleur r\u00e9sultat dans les coupes courbes, il est recommand\u00e9 d\u2019utiliser les lames sans l\u2019action pendulaire<\/p>\n","protected":false},"excerpt":{"rendered":"<p>Toutes nos lames incurv\u00e9es sont dot\u00e9es d\u2019un corps de lame \u00e9troit pour une meilleure maniabilit\u00e9 ; Dents des deux c\u00f4t\u00e9s&nbsp;;<\/p>\n","protected":false},"featured_media":485894,"template":"","meta":{"_seopress_robots_primary_cat":"","_seopress_titles_title":"","_seopress_titles_desc":"","_seopress_robots_index":""},"product_brand":[3407],"product_cat":[29,558],"product_tag":[3270],"class_list":{"0":"post-502592","1":"product","2":"type-product","3":"status-publish","4":"has-post-thumbnail","6":"product_brand-milwaukee","7":"product_cat-macchinari","8":"product_cat-seghe-accessori-vari","9":"product_tag-import-milwau","10":"sws-gruppo-macchinari-fr","11":"sws-conto-ricavi-merci-rivendita-macchinari-fr","12":"sws-gruppo-iva-iva81-fr","14":"first","15":"instock","16":"sale","17":"shipping-taxable","18":"purchasable","19":"product-type-simple"},"_links":{"self":[{"href":"https:\/\/lucacastelli.com\/fr\/wp-json\/wp\/v2\/product\/502592","targetHints":{"allow":["GET"]}}],"collection":[{"href":"https:\/\/lucacastelli.com\/fr\/wp-json\/wp\/v2\/product"}],"about":[{"href":"https:\/\/lucacastelli.com\/fr\/wp-json\/wp\/v2\/types\/product"}],"wp:featuredmedia":[{"embeddable":true,"href":"https:\/\/lucacastelli.com\/fr\/wp-json\/wp\/v2\/media\/485894"}],"wp:attachment":[{"href":"https:\/\/lucacastelli.com\/fr\/wp-json\/wp\/v2\/media?parent=502592"}],"wp:term":[{"taxonomy":"product_brand","embeddable":true,"href":"https:\/\/lucacastelli.com\/fr\/wp-json\/wp\/v2\/product_brand?post=502592"},{"taxonomy":"product_cat","embeddable":true,"href":"https:\/\/lucacastelli.com\/fr\/wp-json\/wp\/v2\/product_cat?post=502592"},{"taxonomy":"product_tag","embeddable":true,"href":"https:\/\/lucacastelli.com\/fr\/wp-json\/wp\/v2\/product_tag?post=502592"}],"curies":[{"name":"wp","href":"https:\/\/api.w.org\/{rel}","templated":true}]}}