{"id":502573,"date":"2025-07-09T09:00:37","date_gmt":"2025-07-09T07:00:37","guid":{"rendered":"https:\/\/lucacastelli.com\/prodotto\/lame-de-scie-sauteuse-milwaukee-3\/"},"modified":"2025-07-09T09:00:37","modified_gmt":"2025-07-09T07:00:37","slug":"lame-de-scie-sauteuse-milwaukee-3","status":"publish","type":"product","link":"https:\/\/lucacastelli.com\/fr\/produit\/lame-de-scie-sauteuse-milwaukee-3\/","title":{"rendered":"Lame de scie sauteuse MILWAUKEE"},"content":{"rendered":"<p>Particuli\u00e8rement adapt\u00e9 \u00e0 la coupe de mat\u00e9riaux tr\u00e8s fins tels que la t\u00f4le car il a un pas de 0,7 mm ; Pour les professionnels qui veulent des lames avec une longue dur\u00e9e de vie et une durabilit\u00e9, nous recommandons l\u2019utilisation de lames bim\u00e9talliques en combinaison avec un lubrifiant de coupe pour le refroidissement. Il suffit de penser que la dur\u00e9e de vie de ces lames est deux fois plus longue que celle des lames non bim\u00e9talliques <\/p>\n","protected":false},"excerpt":{"rendered":"<p>Particuli\u00e8rement adapt\u00e9 \u00e0 la coupe de mat\u00e9riaux tr\u00e8s fins tels que la t\u00f4le car il a un pas de 0,7<\/p>\n","protected":false},"featured_media":485943,"template":"","meta":{"_seopress_robots_primary_cat":"","_seopress_titles_title":"","_seopress_titles_desc":"","_seopress_robots_index":""},"product_brand":[3407],"product_cat":[29,558],"product_tag":[3270],"class_list":{"0":"post-502573","1":"product","2":"type-product","3":"status-publish","4":"has-post-thumbnail","6":"product_brand-milwaukee","7":"product_cat-macchinari","8":"product_cat-seghe-accessori-vari","9":"product_tag-import-milwau","10":"sws-gruppo-macchinari-fr","11":"sws-conto-ricavi-merci-rivendita-macchinari-fr","12":"sws-gruppo-iva-iva81-fr","14":"first","15":"instock","16":"sale","17":"shipping-taxable","18":"purchasable","19":"product-type-simple"},"_links":{"self":[{"href":"https:\/\/lucacastelli.com\/fr\/wp-json\/wp\/v2\/product\/502573","targetHints":{"allow":["GET"]}}],"collection":[{"href":"https:\/\/lucacastelli.com\/fr\/wp-json\/wp\/v2\/product"}],"about":[{"href":"https:\/\/lucacastelli.com\/fr\/wp-json\/wp\/v2\/types\/product"}],"wp:featuredmedia":[{"embeddable":true,"href":"https:\/\/lucacastelli.com\/fr\/wp-json\/wp\/v2\/media\/485943"}],"wp:attachment":[{"href":"https:\/\/lucacastelli.com\/fr\/wp-json\/wp\/v2\/media?parent=502573"}],"wp:term":[{"taxonomy":"product_brand","embeddable":true,"href":"https:\/\/lucacastelli.com\/fr\/wp-json\/wp\/v2\/product_brand?post=502573"},{"taxonomy":"product_cat","embeddable":true,"href":"https:\/\/lucacastelli.com\/fr\/wp-json\/wp\/v2\/product_cat?post=502573"},{"taxonomy":"product_tag","embeddable":true,"href":"https:\/\/lucacastelli.com\/fr\/wp-json\/wp\/v2\/product_tag?post=502573"}],"curies":[{"name":"wp","href":"https:\/\/api.w.org\/{rel}","templated":true}]}}