{"id":502559,"date":"2025-07-08T17:52:57","date_gmt":"2025-07-08T15:52:57","guid":{"rendered":"https:\/\/lucacastelli.com\/prodotto\/adaptateur-milwaukee-2\/"},"modified":"2025-07-08T17:52:57","modified_gmt":"2025-07-08T15:52:57","slug":"adaptateur-milwaukee-2","status":"publish","type":"product","link":"https:\/\/lucacastelli.com\/fr\/produit\/adaptateur-milwaukee-2\/","title":{"rendered":"Adaptateur MILWAUKEE"},"content":{"rendered":"<p>Adaptateur \u00e0 changement rapide avec \u00e9querre int\u00e9rieure 1\/2 custom et hexagone int\u00e9rieur 7\/16&#8243; pour forets autoperceurs et forets \u00e0 tari\u00e8re<\/p>\n","protected":false},"excerpt":{"rendered":"<p>Adaptateur \u00e0 changement rapide avec \u00e9querre int\u00e9rieure 1\/2 custom et hexagone int\u00e9rieur 7\/16&#8243; pour forets autoperceurs et forets \u00e0 tari\u00e8re<\/p>\n","protected":false},"featured_media":484798,"template":"","meta":{"_seopress_robots_primary_cat":"","_seopress_titles_title":"","_seopress_titles_desc":"","_seopress_robots_index":""},"product_brand":[3658],"product_cat":[1555,167,1552],"product_tag":[3273],"class_list":{"0":"post-502559","1":"product","2":"type-product","3":"status-publish","4":"has-post-thumbnail","6":"product_brand-milwaukee-fr","7":"product_cat-accessoires-pour-perceuses-et-tournevis","8":"product_cat-machines","9":"product_cat-perceuses-et-tournevis","10":"product_tag-import-milwau-fr","11":"sws-gruppo-macchinari-fr","12":"sws-conto-ricavi-merci-rivendita-macchinari-fr","13":"sws-gruppo-iva-iva81-fr","15":"first","16":"instock","17":"sale","18":"shipping-taxable","19":"purchasable","20":"product-type-simple"},"_links":{"self":[{"href":"https:\/\/lucacastelli.com\/fr\/wp-json\/wp\/v2\/product\/502559","targetHints":{"allow":["GET"]}}],"collection":[{"href":"https:\/\/lucacastelli.com\/fr\/wp-json\/wp\/v2\/product"}],"about":[{"href":"https:\/\/lucacastelli.com\/fr\/wp-json\/wp\/v2\/types\/product"}],"wp:featuredmedia":[{"embeddable":true,"href":"https:\/\/lucacastelli.com\/fr\/wp-json\/wp\/v2\/media\/484798"}],"wp:attachment":[{"href":"https:\/\/lucacastelli.com\/fr\/wp-json\/wp\/v2\/media?parent=502559"}],"wp:term":[{"taxonomy":"product_brand","embeddable":true,"href":"https:\/\/lucacastelli.com\/fr\/wp-json\/wp\/v2\/product_brand?post=502559"},{"taxonomy":"product_cat","embeddable":true,"href":"https:\/\/lucacastelli.com\/fr\/wp-json\/wp\/v2\/product_cat?post=502559"},{"taxonomy":"product_tag","embeddable":true,"href":"https:\/\/lucacastelli.com\/fr\/wp-json\/wp\/v2\/product_tag?post=502559"}],"curies":[{"name":"wp","href":"https:\/\/api.w.org\/{rel}","templated":true}]}}