{"id":502517,"date":"2025-07-09T09:12:48","date_gmt":"2025-07-09T07:12:48","guid":{"rendered":"https:\/\/lucacastelli.com\/prodotto\/milwaukee-lame-de-scie-droite-83\/"},"modified":"2026-04-16T02:24:56","modified_gmt":"2026-04-16T00:24:56","slug":"milwaukee-lame-de-scie-droite-83","status":"publish","type":"product","link":"https:\/\/lucacastelli.com\/fr\/produit\/milwaukee-lame-de-scie-droite-83\/","title":{"rendered":"MILWAUKEE Lame pour scie sabre"},"content":{"rendered":"<p>LAME SD Long. mm\/Pas 300\/5 &#8211; 1 pce<br \/>\nAdapt\u00e9e pour coupes affleurantes dans : bois, bois avec clous ; Lame pour coupe et retrait de ch\u00e2ssis et supports. Coupe affleurante sans endommager la surface ; Corps de lame extra haut &#8211; guidage de lame pour une pr\u00e9cision de coupe maximale ; FANG TIP &#8211; pour une coupe plongeante facile et rapide ; Adapt\u00e9e pour la coupe de tous types de bois et bois avec clous. Non adapt\u00e9e \u00e0 la coupe de briques, ma\u00e7onnerie ou acier   <\/p>\n<p>Applications sp\u00e9ciales : lame pour coupe affleurante<br \/>\n045242253272<\/p>\n","protected":false},"excerpt":{"rendered":"<p>LAME SD Long. mm\/Pas 300\/5 &#8211; 1 pce Adapt\u00e9e pour coupes affleurantes dans : bois, bois avec clous ; Lame<\/p>\n","protected":false},"featured_media":431808,"template":"","meta":{"_seopress_robots_primary_cat":"","_seopress_titles_title":"","_seopress_titles_desc":"","_seopress_robots_index":""},"product_brand":[3407],"product_cat":[29,558],"product_tag":[6834],"class_list":{"0":"post-502517","1":"product","2":"type-product","3":"status-publish","4":"has-post-thumbnail","6":"product_brand-milwaukee","7":"product_cat-macchinari","8":"product_cat-seghe-accessori-vari","9":"product_tag-imp-26-mw_update","10":"sws-gruppo-macchinari-fr","11":"sws-conto-ricavi-merci-rivendita-macchinari-fr","12":"sws-gruppo-iva-iva81-fr","14":"first","15":"instock","16":"sale","17":"shipping-taxable","18":"purchasable","19":"product-type-simple"},"_links":{"self":[{"href":"https:\/\/lucacastelli.com\/fr\/wp-json\/wp\/v2\/product\/502517","targetHints":{"allow":["GET"]}}],"collection":[{"href":"https:\/\/lucacastelli.com\/fr\/wp-json\/wp\/v2\/product"}],"about":[{"href":"https:\/\/lucacastelli.com\/fr\/wp-json\/wp\/v2\/types\/product"}],"wp:featuredmedia":[{"embeddable":true,"href":"https:\/\/lucacastelli.com\/fr\/wp-json\/wp\/v2\/media\/431808"}],"wp:attachment":[{"href":"https:\/\/lucacastelli.com\/fr\/wp-json\/wp\/v2\/media?parent=502517"}],"wp:term":[{"taxonomy":"product_brand","embeddable":true,"href":"https:\/\/lucacastelli.com\/fr\/wp-json\/wp\/v2\/product_brand?post=502517"},{"taxonomy":"product_cat","embeddable":true,"href":"https:\/\/lucacastelli.com\/fr\/wp-json\/wp\/v2\/product_cat?post=502517"},{"taxonomy":"product_tag","embeddable":true,"href":"https:\/\/lucacastelli.com\/fr\/wp-json\/wp\/v2\/product_tag?post=502517"}],"curies":[{"name":"wp","href":"https:\/\/api.w.org\/{rel}","templated":true}]}}