{"id":502487,"date":"2025-07-09T09:12:38","date_gmt":"2025-07-09T07:12:38","guid":{"rendered":"https:\/\/lucacastelli.com\/prodotto\/milwaukee-lame-de-scie-droite-74\/"},"modified":"2025-07-09T09:12:38","modified_gmt":"2025-07-09T07:12:38","slug":"milwaukee-lame-de-scie-droite-74","status":"publish","type":"product","link":"https:\/\/lucacastelli.com\/fr\/produit\/milwaukee-lame-de-scie-droite-74\/","title":{"rendered":"MILWAUKEE Lame de scie droite"},"content":{"rendered":"<p>Profondeur de coupe pr\u00e9cise &#8211; seulement 63 mm de longueur vous permet de vous prot\u00e9ger contre les coupures involontaires de tuyaux et de c\u00e2bles \u00e9lectriques&nbsp;; Les dents des deux c\u00f4t\u00e9s de la lame &#8211; coupe dans toutes les directions &#8211; produit moins de poussi\u00e8re qu\u2019une scie \u00e0 main et a une coupe plus nette&nbsp;; Coupe plongeante rapide et sans effort<\/p>\n","protected":false},"excerpt":{"rendered":"<p>Profondeur de coupe pr\u00e9cise &#8211; seulement 63 mm de longueur vous permet de vous prot\u00e9ger contre les coupures involontaires de<\/p>\n","protected":false},"featured_media":431828,"template":"","meta":{"_seopress_robots_primary_cat":"","_seopress_titles_title":"","_seopress_titles_desc":"","_seopress_robots_index":""},"product_brand":[3407],"product_cat":[29,558],"product_tag":[3270],"class_list":{"0":"post-502487","1":"product","2":"type-product","3":"status-publish","4":"has-post-thumbnail","6":"product_brand-milwaukee","7":"product_cat-macchinari","8":"product_cat-seghe-accessori-vari","9":"product_tag-import-milwau","10":"sws-gruppo-macchinari-fr","11":"sws-conto-ricavi-merci-rivendita-macchinari-fr","12":"sws-gruppo-iva-iva81-fr","14":"first","15":"instock","16":"sale","17":"shipping-taxable","18":"purchasable","19":"product-type-simple"},"_links":{"self":[{"href":"https:\/\/lucacastelli.com\/fr\/wp-json\/wp\/v2\/product\/502487","targetHints":{"allow":["GET"]}}],"collection":[{"href":"https:\/\/lucacastelli.com\/fr\/wp-json\/wp\/v2\/product"}],"about":[{"href":"https:\/\/lucacastelli.com\/fr\/wp-json\/wp\/v2\/types\/product"}],"wp:featuredmedia":[{"embeddable":true,"href":"https:\/\/lucacastelli.com\/fr\/wp-json\/wp\/v2\/media\/431828"}],"wp:attachment":[{"href":"https:\/\/lucacastelli.com\/fr\/wp-json\/wp\/v2\/media?parent=502487"}],"wp:term":[{"taxonomy":"product_brand","embeddable":true,"href":"https:\/\/lucacastelli.com\/fr\/wp-json\/wp\/v2\/product_brand?post=502487"},{"taxonomy":"product_cat","embeddable":true,"href":"https:\/\/lucacastelli.com\/fr\/wp-json\/wp\/v2\/product_cat?post=502487"},{"taxonomy":"product_tag","embeddable":true,"href":"https:\/\/lucacastelli.com\/fr\/wp-json\/wp\/v2\/product_tag?post=502487"}],"curies":[{"name":"wp","href":"https:\/\/api.w.org\/{rel}","templated":true}]}}