{"id":502434,"date":"2025-07-09T09:12:16","date_gmt":"2025-07-09T07:12:16","guid":{"rendered":"https:\/\/lucacastelli.com\/prodotto\/milwaukee-lame-de-scie-droite-57\/"},"modified":"2025-07-09T09:12:16","modified_gmt":"2025-07-09T07:12:16","slug":"milwaukee-lame-de-scie-droite-57","status":"publish","type":"product","link":"https:\/\/lucacastelli.com\/fr\/produit\/milwaukee-lame-de-scie-droite-57\/","title":{"rendered":"MILWAUKEE Lame de scie droite"},"content":{"rendered":"<p>Les m\u00e2les multi-mat\u00e9riaux WRECKER\u2122 avec dents en carbure coupent tous les mat\u00e9riaux dans le m\u00e9tal \u00e9pais, la fonte, le bois avec des clous, des vis et des boulons tremp\u00e9s ; Dur\u00e9e de vie jusqu\u2019\u00e0 50 fois plus longue que les lames bim\u00e9talliques standard. Les dents en carbure assurent une longue dur\u00e9e de vie, m\u00eame dans les applications les plus difficiles ; Jusqu\u2019\u00e0 25 % de coupes en plus par charge que les lames bim\u00e9talliques standard. Optimis\u00e9 pour une utilisation avec des outils sans fil&nbsp;; POINTE\u2122 DE CROC pour couler facilement et atteindre les zones confin\u00e9es ; Corps de lame robuste de 1,27 mm pour des coupes droites pr\u00e9cises ; Hauteur de lame de 25 mm pour une meilleure stabilit\u00e9 et un minimum de vibrations ; Id\u00e9al pour la d\u00e9molition de plusieurs mat\u00e9riaux (bois avec clous ou attaches tremp\u00e9es, fonte et m\u00e9tal \u00e9pais)  <\/p>\n","protected":false},"excerpt":{"rendered":"<p>Les m\u00e2les multi-mat\u00e9riaux WRECKER\u2122 avec dents en carbure coupent tous les mat\u00e9riaux dans le m\u00e9tal \u00e9pais, la fonte, le bois<\/p>\n","protected":false},"featured_media":432071,"template":"","meta":{"_seopress_robots_primary_cat":"","_seopress_titles_title":"","_seopress_titles_desc":"","_seopress_robots_index":""},"product_brand":[3407],"product_cat":[29,558],"product_tag":[3270],"class_list":{"0":"post-502434","1":"product","2":"type-product","3":"status-publish","4":"has-post-thumbnail","6":"product_brand-milwaukee","7":"product_cat-macchinari","8":"product_cat-seghe-accessori-vari","9":"product_tag-import-milwau","10":"sws-gruppo-macchinari-fr","11":"sws-conto-ricavi-merci-rivendita-macchinari-fr","12":"sws-gruppo-iva-iva81-fr","14":"first","15":"instock","16":"sale","17":"shipping-taxable","18":"purchasable","19":"product-type-simple"},"_links":{"self":[{"href":"https:\/\/lucacastelli.com\/fr\/wp-json\/wp\/v2\/product\/502434","targetHints":{"allow":["GET"]}}],"collection":[{"href":"https:\/\/lucacastelli.com\/fr\/wp-json\/wp\/v2\/product"}],"about":[{"href":"https:\/\/lucacastelli.com\/fr\/wp-json\/wp\/v2\/types\/product"}],"wp:featuredmedia":[{"embeddable":true,"href":"https:\/\/lucacastelli.com\/fr\/wp-json\/wp\/v2\/media\/432071"}],"wp:attachment":[{"href":"https:\/\/lucacastelli.com\/fr\/wp-json\/wp\/v2\/media?parent=502434"}],"wp:term":[{"taxonomy":"product_brand","embeddable":true,"href":"https:\/\/lucacastelli.com\/fr\/wp-json\/wp\/v2\/product_brand?post=502434"},{"taxonomy":"product_cat","embeddable":true,"href":"https:\/\/lucacastelli.com\/fr\/wp-json\/wp\/v2\/product_cat?post=502434"},{"taxonomy":"product_tag","embeddable":true,"href":"https:\/\/lucacastelli.com\/fr\/wp-json\/wp\/v2\/product_tag?post=502434"}],"curies":[{"name":"wp","href":"https:\/\/api.w.org\/{rel}","templated":true}]}}