{"id":502395,"date":"2025-07-09T09:06:29","date_gmt":"2025-07-09T07:06:29","guid":{"rendered":"https:\/\/lucacastelli.com\/prodotto\/milwaukee-lame-de-scie-droite-44\/"},"modified":"2025-07-09T09:06:29","modified_gmt":"2025-07-09T07:06:29","slug":"milwaukee-lame-de-scie-droite-44","status":"publish","type":"product","link":"https:\/\/lucacastelli.com\/fr\/produit\/milwaukee-lame-de-scie-droite-44\/","title":{"rendered":"MILWAUKEE Lame de scie droite"},"content":{"rendered":"<p>30 fois plus durable que les lames bim\u00e9talliques standard. Les dents en carbure permettent une durabilit\u00e9 maximale dans les applications les plus exigeantes. Vous permet de couper les vis les plus coriaces&nbsp;; 2 fois plus rapide. Une conception de dent tr\u00e8s agressive permet une coupe plus rapide dans une large gamme de mat\u00e9riaux de construction (bois \/ clous \/ boulons \/ vis \/ toitures en fonte \/ rev\u00eatements de toiture en goudron) ; 25 % de coupes en plus par charge. Optimis\u00e9 pour une utilisation avec des outils sans fil&nbsp;; POINTE FANG : pour s\u2019enfoncer facilement dans le mat\u00e9riau dans les zones confin\u00e9es ; PROT\u00c8GE-CLOUS : Prot\u00e8ge les dents lors de l\u2019application lorsque les dents de la lame rencontrent des \u00e9l\u00e9ments ferreux tels que des clous, des boulons, etc. Cela augmente la durabilit\u00e9&nbsp;; Forme inclin\u00e9e, excellente pour les coupes plongeantes et pour atteindre les zones \u00e9troites     <\/p>\n","protected":false},"excerpt":{"rendered":"<p>30 fois plus durable que les lames bim\u00e9talliques standard. Les dents en carbure permettent une durabilit\u00e9 maximale dans les applications<\/p>\n","protected":false},"featured_media":432201,"template":"","meta":{"_seopress_robots_primary_cat":"","_seopress_titles_title":"","_seopress_titles_desc":"","_seopress_robots_index":""},"product_brand":[3407],"product_cat":[29,558],"product_tag":[3270],"class_list":{"0":"post-502395","1":"product","2":"type-product","3":"status-publish","4":"has-post-thumbnail","6":"product_brand-milwaukee","7":"product_cat-macchinari","8":"product_cat-seghe-accessori-vari","9":"product_tag-import-milwau","10":"sws-gruppo-macchinari-fr","11":"sws-conto-ricavi-merci-rivendita-macchinari-fr","12":"sws-gruppo-iva-iva81-fr","14":"first","15":"instock","16":"sale","17":"shipping-taxable","18":"purchasable","19":"product-type-simple"},"_links":{"self":[{"href":"https:\/\/lucacastelli.com\/fr\/wp-json\/wp\/v2\/product\/502395","targetHints":{"allow":["GET"]}}],"collection":[{"href":"https:\/\/lucacastelli.com\/fr\/wp-json\/wp\/v2\/product"}],"about":[{"href":"https:\/\/lucacastelli.com\/fr\/wp-json\/wp\/v2\/types\/product"}],"wp:featuredmedia":[{"embeddable":true,"href":"https:\/\/lucacastelli.com\/fr\/wp-json\/wp\/v2\/media\/432201"}],"wp:attachment":[{"href":"https:\/\/lucacastelli.com\/fr\/wp-json\/wp\/v2\/media?parent=502395"}],"wp:term":[{"taxonomy":"product_brand","embeddable":true,"href":"https:\/\/lucacastelli.com\/fr\/wp-json\/wp\/v2\/product_brand?post=502395"},{"taxonomy":"product_cat","embeddable":true,"href":"https:\/\/lucacastelli.com\/fr\/wp-json\/wp\/v2\/product_cat?post=502395"},{"taxonomy":"product_tag","embeddable":true,"href":"https:\/\/lucacastelli.com\/fr\/wp-json\/wp\/v2\/product_tag?post=502395"}],"curies":[{"name":"wp","href":"https:\/\/api.w.org\/{rel}","templated":true}]}}