{"id":502345,"date":"2025-07-09T09:06:12","date_gmt":"2025-07-09T07:06:12","guid":{"rendered":"https:\/\/lucacastelli.com\/prodotto\/milwaukee-lame-de-scie-droite-28\/"},"modified":"2025-07-09T09:06:12","modified_gmt":"2025-07-09T07:06:12","slug":"milwaukee-lame-de-scie-droite-28","status":"publish","type":"product","link":"https:\/\/lucacastelli.com\/fr\/produit\/milwaukee-lame-de-scie-droite-28\/","title":{"rendered":"MILWAUKEE Lame de scie droite"},"content":{"rendered":"<p>Corps robuste et pr\u00e9cis, d\u2019une \u00e9paisseur de 1,57 mm. Assure des coupes pr\u00e9cises \u00e0 90\u00b0 ; Construction bim\u00e9tallique : Excellentes performances de la lame et durabilit\u00e9 ; Composition des dents : Conception de dent agressive et renforc\u00e9e ; Forme de la lame&nbsp;: Inclin\u00e9e &#8211; La forme inclin\u00e9e rend cette lame id\u00e9ale pour la coupe en plong\u00e9e. Convient pour les applications de d\u00e9coupe et de d\u00e9molition du m\u00e9tal (bois avec clous) <\/p>\n","protected":false},"excerpt":{"rendered":"<p>Corps robuste et pr\u00e9cis, d\u2019une \u00e9paisseur de 1,57 mm. Assure des coupes pr\u00e9cises \u00e0 90\u00b0 ; Construction bim\u00e9tallique : Excellentes<\/p>\n","protected":false},"featured_media":432273,"template":"","meta":{"_seopress_robots_primary_cat":"","_seopress_titles_title":"","_seopress_titles_desc":"","_seopress_robots_index":""},"product_brand":[3407],"product_cat":[29,558],"product_tag":[3270],"class_list":{"0":"post-502345","1":"product","2":"type-product","3":"status-publish","4":"has-post-thumbnail","6":"product_brand-milwaukee","7":"product_cat-macchinari","8":"product_cat-seghe-accessori-vari","9":"product_tag-import-milwau","10":"sws-gruppo-macchinari-fr","11":"sws-conto-ricavi-merci-rivendita-macchinari-fr","12":"sws-gruppo-iva-iva81-fr","14":"first","15":"instock","16":"sale","17":"shipping-taxable","18":"purchasable","19":"product-type-simple"},"_links":{"self":[{"href":"https:\/\/lucacastelli.com\/fr\/wp-json\/wp\/v2\/product\/502345","targetHints":{"allow":["GET"]}}],"collection":[{"href":"https:\/\/lucacastelli.com\/fr\/wp-json\/wp\/v2\/product"}],"about":[{"href":"https:\/\/lucacastelli.com\/fr\/wp-json\/wp\/v2\/types\/product"}],"wp:featuredmedia":[{"embeddable":true,"href":"https:\/\/lucacastelli.com\/fr\/wp-json\/wp\/v2\/media\/432273"}],"wp:attachment":[{"href":"https:\/\/lucacastelli.com\/fr\/wp-json\/wp\/v2\/media?parent=502345"}],"wp:term":[{"taxonomy":"product_brand","embeddable":true,"href":"https:\/\/lucacastelli.com\/fr\/wp-json\/wp\/v2\/product_brand?post=502345"},{"taxonomy":"product_cat","embeddable":true,"href":"https:\/\/lucacastelli.com\/fr\/wp-json\/wp\/v2\/product_cat?post=502345"},{"taxonomy":"product_tag","embeddable":true,"href":"https:\/\/lucacastelli.com\/fr\/wp-json\/wp\/v2\/product_tag?post=502345"}],"curies":[{"name":"wp","href":"https:\/\/api.w.org\/{rel}","templated":true}]}}