{"id":502343,"date":"2025-07-12T17:50:43","date_gmt":"2025-07-12T15:50:43","guid":{"rendered":"https:\/\/lucacastelli.com\/prodotto\/milwaukee-coupe-tubes-6\/"},"modified":"2025-07-12T17:50:43","modified_gmt":"2025-07-12T15:50:43","slug":"milwaukee-coupe-tubes-6","status":"publish","type":"product","link":"https:\/\/lucacastelli.com\/fr\/produit\/milwaukee-coupe-tubes-6\/","title":{"rendered":"MILWAUKEE Coupe-tubes"},"content":{"rendered":"<p>M\u00e9canisme et lames con\u00e7us pour durer dans le temps&nbsp;; Les roulettes chrom\u00e9es garantissent une dur\u00e9e de vie plus longue et de meilleures performances m\u00eame apr\u00e8s de nombreuses utilisations ; Le bouton avec prise en main confortable permet un r\u00e9glage plus rapide et une utilisation plus facile&nbsp;; Conception compacte id\u00e9ale pour couper des tuyaux m\u00eame dans des espaces restreints<\/p>\n","protected":false},"excerpt":{"rendered":"<p>M\u00e9canisme et lames con\u00e7us pour durer dans le temps&nbsp;; Les roulettes chrom\u00e9es garantissent une dur\u00e9e de vie plus longue et<\/p>\n","protected":false},"featured_media":483911,"template":"","meta":{"_seopress_robots_primary_cat":"","_seopress_titles_title":"","_seopress_titles_desc":"","_seopress_robots_index":""},"product_brand":[3407],"product_cat":[29,558],"product_tag":[3270],"class_list":{"0":"post-502343","1":"product","2":"type-product","3":"status-publish","4":"has-post-thumbnail","6":"product_brand-milwaukee","7":"product_cat-macchinari","8":"product_cat-seghe-accessori-vari","9":"product_tag-import-milwau","10":"sws-gruppo-macchinari-fr","11":"sws-conto-ricavi-merci-rivendita-macchinari-fr","12":"sws-gruppo-iva-iva81-fr","14":"first","15":"instock","16":"sale","17":"shipping-taxable","18":"purchasable","19":"product-type-simple"},"_links":{"self":[{"href":"https:\/\/lucacastelli.com\/fr\/wp-json\/wp\/v2\/product\/502343","targetHints":{"allow":["GET"]}}],"collection":[{"href":"https:\/\/lucacastelli.com\/fr\/wp-json\/wp\/v2\/product"}],"about":[{"href":"https:\/\/lucacastelli.com\/fr\/wp-json\/wp\/v2\/types\/product"}],"wp:featuredmedia":[{"embeddable":true,"href":"https:\/\/lucacastelli.com\/fr\/wp-json\/wp\/v2\/media\/483911"}],"wp:attachment":[{"href":"https:\/\/lucacastelli.com\/fr\/wp-json\/wp\/v2\/media?parent=502343"}],"wp:term":[{"taxonomy":"product_brand","embeddable":true,"href":"https:\/\/lucacastelli.com\/fr\/wp-json\/wp\/v2\/product_brand?post=502343"},{"taxonomy":"product_cat","embeddable":true,"href":"https:\/\/lucacastelli.com\/fr\/wp-json\/wp\/v2\/product_cat?post=502343"},{"taxonomy":"product_tag","embeddable":true,"href":"https:\/\/lucacastelli.com\/fr\/wp-json\/wp\/v2\/product_tag?post=502343"}],"curies":[{"name":"wp","href":"https:\/\/api.w.org\/{rel}","templated":true}]}}