{"id":502339,"date":"2025-07-12T17:50:44","date_gmt":"2025-07-12T15:50:44","guid":{"rendered":"https:\/\/lucacastelli.com\/prodotto\/milwaukee-coupe-tubes-5\/"},"modified":"2026-04-16T02:23:25","modified_gmt":"2026-04-16T00:23:25","slug":"milwaukee-coupe-tubes-5","status":"publish","type":"product","link":"https:\/\/lucacastelli.com\/fr\/produit\/milwaukee-coupe-tubes-5\/","title":{"rendered":"MILWAUKEE Coupe-tube"},"content":{"rendered":"<p>COUPE-TUBE 3,2-42 mm &#8211; 1 pce<br \/>\nLes coupe-tubes pour cuivre sont con\u00e7us pour effectuer des coupes plus simples et nettes ; La conception \u00e0 4 molettes offre des coupes pr\u00e9cises et emp\u00eache le glissement du tube \u00e0 couper ; Les molettes chrom\u00e9es offrent une meilleure r\u00e9sistance \u00e0 la rouille et \u00e0 la corrosion ; M\u00e9canisme de r\u00e9glage rapide ; La lame permet un \u00e9bavurage facile et rapide ; Lame de rechange int\u00e9gr\u00e9e<\/p>\n<p>Coupe-tube pour cuivre<br \/>\n045242521234<\/p>\n","protected":false},"excerpt":{"rendered":"<p>COUPE-TUBE 3,2-42 mm &#8211; 1 pce Les coupe-tubes pour cuivre sont con\u00e7us pour effectuer des coupes plus simples et nettes<\/p>\n","protected":false},"featured_media":483934,"template":"","meta":{"_seopress_robots_primary_cat":"","_seopress_titles_title":"","_seopress_titles_desc":"","_seopress_robots_index":""},"product_brand":[3407],"product_cat":[29,558],"product_tag":[6834],"class_list":{"0":"post-502339","1":"product","2":"type-product","3":"status-publish","4":"has-post-thumbnail","6":"product_brand-milwaukee","7":"product_cat-macchinari","8":"product_cat-seghe-accessori-vari","9":"product_tag-imp-26-mw_update","10":"sws-gruppo-macchinari-fr","11":"sws-conto-ricavi-merci-rivendita-macchinari-fr","12":"sws-gruppo-iva-iva81-fr","14":"first","15":"instock","16":"sale","17":"shipping-taxable","18":"purchasable","19":"product-type-simple"},"_links":{"self":[{"href":"https:\/\/lucacastelli.com\/fr\/wp-json\/wp\/v2\/product\/502339","targetHints":{"allow":["GET"]}}],"collection":[{"href":"https:\/\/lucacastelli.com\/fr\/wp-json\/wp\/v2\/product"}],"about":[{"href":"https:\/\/lucacastelli.com\/fr\/wp-json\/wp\/v2\/types\/product"}],"wp:featuredmedia":[{"embeddable":true,"href":"https:\/\/lucacastelli.com\/fr\/wp-json\/wp\/v2\/media\/483934"}],"wp:attachment":[{"href":"https:\/\/lucacastelli.com\/fr\/wp-json\/wp\/v2\/media?parent=502339"}],"wp:term":[{"taxonomy":"product_brand","embeddable":true,"href":"https:\/\/lucacastelli.com\/fr\/wp-json\/wp\/v2\/product_brand?post=502339"},{"taxonomy":"product_cat","embeddable":true,"href":"https:\/\/lucacastelli.com\/fr\/wp-json\/wp\/v2\/product_cat?post=502339"},{"taxonomy":"product_tag","embeddable":true,"href":"https:\/\/lucacastelli.com\/fr\/wp-json\/wp\/v2\/product_tag?post=502339"}],"curies":[{"name":"wp","href":"https:\/\/api.w.org\/{rel}","templated":true}]}}